{"id":23750,"date":"2019-10-14T16:20:25","date_gmt":"2019-10-14T16:20:25","guid":{"rendered":"http:\/\/www.dispeko.com.ar\/soluciones_y_sistemas_de_higiene\/?page_id=23750"},"modified":"2019-12-09T02:36:50","modified_gmt":"2019-12-09T02:36:50","slug":"food-control-system","status":"publish","type":"page","link":"https:\/\/www.dispeko.com\/soluciones_y_sistemas_de_higiene\/food-control-system\/","title":{"rendered":"SERVICIOS . FOOD CONTROL SYSTEM"},"content":{"rendered":"<p><div class=\"fusion-bg-parallax\"  data-bg-align=\"center center\" data-direction=\"left\" data-mute=\"false\" data-opacity=\"100\" data-velocity=\"-0.3\" data-mobile-enabled=\"false\" data-break_parents=\"0\" data-bg-image=\"\/soluciones_y_sistemas_de_higiene\/wp-content\/uploads\/2019\/10\/asesoria-alimentaria2.jpg\" data-bg-repeat=\"false\" data-bg-color=\"#1c1e21\" data-bg-height=\"\" data-bg-width=\"\"><\/div><div class=\"fusion-fullwidth fullwidth-box fusion-builder-row-1 fusion-parallax-left nonhundred-percent-fullwidth non-hundred-percent-height-scrolling\"  style='background-color: #1c1e21;background-image: url(\"\/soluciones_y_sistemas_de_higiene\/wp-content\/uploads\/2019\/10\/asesoria-alimentaria2.jpg\");background-position: center center;background-repeat: no-repeat;padding-top:100px;padding-bottom:100px;margin-top: -50px;border-top-width:0px;border-bottom-width:0px;border-color:#eae9e9;border-top-style:solid;border-bottom-style:solid;-webkit-background-size:cover;-moz-background-size:cover;-o-background-size:cover;background-size:cover;'><div class=\"fusion-builder-row fusion-row \"><\/div><\/div><div class=\"fusion-fullwidth fullwidth-box fusion-builder-row-2 nonhundred-percent-fullwidth non-hundred-percent-height-scrolling\"  style='background-color: #ffffff;background-position: center center;background-repeat: no-repeat;padding-top:0px;padding-right:0px;padding-bottom:0px;padding-left:0px;'><div class=\"fusion-builder-row fusion-row \"><div  class=\"fusion-layout-column fusion_builder_column fusion_builder_column_1_1 fusion-builder-column-1 fusion-one-full fusion-column-first fusion-column-last 1_1\"  style='margin-top:15px;margin-bottom:15px;'>\n\t\t\t\t\t<div class=\"fusion-column-wrapper\" style=\"padding: 0px 0px 0px 0px;background-position:left top;background-repeat:no-repeat;-webkit-background-size:cover;-moz-background-size:cover;-o-background-size:cover;background-size:cover;\"   data-bg-url=\"\">\n\t\t\t\t\t\t<div class=\"fusion-sep-clear\"><\/div><div class=\"fusion-separator fusion-full-width-sep sep-none\" style=\"margin-left: auto;margin-right: auto;margin-top:20px;\"><\/div><div class=\"fusion-clearfix\"><\/div>\n\n\t\t\t\t\t<\/div>\n\t\t\t\t<\/div><\/div><\/div><div class=\"fusion-fullwidth fullwidth-box fusion-builder-row-3 nonhundred-percent-fullwidth non-hundred-percent-height-scrolling\"  style='background-color: #ffffff;background-position: center top;background-repeat: no-repeat;padding-right:0px;padding-left:0px;'><div class=\"fusion-builder-row fusion-row \"><div  class=\"fusion-layout-column fusion_builder_column fusion_builder_column_1_2 fusion-builder-column-2 fusion-one-half fusion-column-first 1_2\"  style='margin-top:15px;margin-bottom:15px;width:50%;width:calc(50% - ( ( 4% ) * 0.5 ) );margin-right: 4%;'>\n\t\t\t\t\t<div class=\"fusion-column-wrapper\" style=\"padding: 0px 0px 0px 0px;background-position:left top;background-repeat:no-repeat;-webkit-background-size:cover;-moz-background-size:cover;-o-background-size:cover;background-size:cover;\"   data-bg-url=\"\">\n\t\t\t\t\t\t<span class=\"fusion-imageframe imageframe-none imageframe-1 hover-type-none\"><img loading=\"lazy\" decoding=\"async\" src=\"\/soluciones_y_sistemas_de_higiene\/wp-content\/uploads\/2019\/10\/alimento-carne-1200x800.jpg\" width=\"1200\" height=\"800\" alt=\"\" title=\"alimento-carne\" class=\"img-responsive wp-image-23699\" srcset=\"https:\/\/www.dispeko.com\/soluciones_y_sistemas_de_higiene\/wp-content\/uploads\/2019\/10\/alimento-carne-200x133.jpg 200w, https:\/\/www.dispeko.com\/soluciones_y_sistemas_de_higiene\/wp-content\/uploads\/2019\/10\/alimento-carne-400x267.jpg 400w, https:\/\/www.dispeko.com\/soluciones_y_sistemas_de_higiene\/wp-content\/uploads\/2019\/10\/alimento-carne-600x400.jpg 600w, https:\/\/www.dispeko.com\/soluciones_y_sistemas_de_higiene\/wp-content\/uploads\/2019\/10\/alimento-carne-800x533.jpg 800w, https:\/\/www.dispeko.com\/soluciones_y_sistemas_de_higiene\/wp-content\/uploads\/2019\/10\/alimento-carne-1200x800.jpg 1200w, https:\/\/www.dispeko.com\/soluciones_y_sistemas_de_higiene\/wp-content\/uploads\/2019\/10\/alimento-carne.jpg 1600w\" sizes=\"(max-width: 800px) 100vw, 600px\" \/><\/span><div class=\"fusion-sep-clear\"><\/div><div class=\"fusion-separator fusion-full-width-sep sep-none\" style=\"margin-left: auto;margin-right: auto;margin-top:;\"><\/div><div class=\"fusion-text\"><h3><strong>CAPACITACI\u00d3N Y ENTRENAMIENTO IN SITU:<\/strong><\/h3>\n<p style=\"text-align: left;\"><strong>PROGRAMA DE TRABAJO<\/strong><\/p>\n<p style=\"text-align: left;\"><strong>Etapa 1.<\/strong> CONCIENTIZACI\u00d3N<br \/>\n<strong>Etapa 2.<\/strong> DIAGN\u00d3STICO<br \/>\n<strong>Etapa 3.<\/strong> CAPACITACI\u00d3N Y ENTRENAMIENTO DEL PERSONAL EN BPM, POES Y HACCP<br \/>\n<strong>Etapa 4.<\/strong> REDACCI\u00d3N DE PROCEDIMIENTOS<br \/>\n<strong>Etapa 5.<\/strong> IMPLANTACI\u00d3N DEL SISTEMA HACCP<br \/>\n<strong>Etapa 6.<\/strong> VERIFICACI\u00d3N<\/p>\n<\/div><div class=\"fusion-clearfix\"><\/div>\n\n\t\t\t\t\t<\/div>\n\t\t\t\t<\/div><div  class=\"fusion-layout-column fusion_builder_column fusion_builder_column_1_2 fusion-builder-column-3 fusion-one-half fusion-column-last 1_2\"  style='margin-top:15px;margin-bottom:15px;width:50%;width:calc(50% - ( ( 4% ) * 0.5 ) );'>\n\t\t\t\t\t<div class=\"fusion-column-wrapper\" style=\"padding: 0px 0px 0px 0px;background-position:left top;background-repeat:no-repeat;-webkit-background-size:cover;-moz-background-size:cover;-o-background-size:cover;background-size:cover;\"   data-bg-url=\"\">\n\t\t\t\t\t\t<div class=\"fusion-text\"><p>Hoy los nuevos sistemas de aseguramiento de calidad tratan de integrar a todos los eslabones de la cadena alimentaria &#8211; de la granja al consumidor &#8211; por ello, la necesidad de concientizar y capacitar en pr\u00e1cticas higi\u00e9nicas y de manufactura, con el fin de obtener alimentos seguros destinados al consumo humano.<\/p>\n<p>Respondiendo a las demandas y criterios t\u00e9cnico-cient\u00edficos, <strong>Dispeko<\/strong> ha desarrollado el concepto <strong>FOOD CONTROL SYSTEM<\/strong> para asistir e implantar los siguientes sistemas y poder brindar seguridad y calidad alimentaria.<\/p>\n<p><a href=\"bpm\">1. Buenas Pr\u00e1cticas de Manufactura (BPM)<\/a><br \/>\n<a href=\"poes\">2. Procedimientos Operativos Estandarizados de Saneamiento (POES)<\/a><br \/>\n<a href=\"haccp\">3. An\u00e1lisis de Riesgos y Puntos Cr\u00edticos de Control (HACCP)<\/a><\/p>\n<p><strong>CAPACITACI\u00d3N Y ENTRENAMIENTO IN SITU:<\/strong><\/p>\n<p>A trav\u00e9s del <strong>FOOD CONTROL SYSTEM<\/strong>, Dispeko brinda a los elaboradores de alimentos y servicios gastron\u00f3micos, soluciones globales para garantizar la calidad y seguridad Alimentaria. Un sistema Integral de limpieza, higiene y desinfecci\u00f3n, que incluye especialidades qu\u00edmicas, papeles e insumos, con el objetivo de lograr superficies, equipamiento y utensilios libres de contaminaci\u00f3n. Contamos con sistemas de dosificaci\u00f3n y dispensaci\u00f3n de productos qu\u00edmicos, para lograr un \u00f3ptimo rendimiento de los mismos.<\/p>\n<p>El trabajo se podr\u00e1 dividir en diferentes etapas en funci\u00f3n de que la empresa cuente o no con los manuales de <a href=\"bpm\">Buenas Pr\u00e1cticas de Manufactura (BPM)<\/a> y los <a href=\"poes\">Procedimientos Operativos Estandarizados de Saneamiento (POES)<\/a>, en cuyo caso se deber\u00e1n realizar previo a la implantaci\u00f3n del sistema <a href=\"haccp\">HACCP<\/a>.<\/p>\n<p><a class=\"bFlechaDiagonal\" href=\"..\/calidad\">SOLICITE M\u00c1S INFORMACI\u00d3N, UN ASESOR T\u00c9CNICO LO CONTACTAR\u00c1<\/a><\/p>\n<\/div><div class=\"fusion-button-wrapper\"><style type=\"text\/css\">.fusion-button.button-1 .fusion-button-text, .fusion-button.button-1 i {color:#ffffff;}.fusion-button.button-1 .fusion-button-icon-divider{border-color:#ffffff;}.fusion-button.button-1:hover .fusion-button-text, .fusion-button.button-1:hover i,.fusion-button.button-1:focus .fusion-button-text, .fusion-button.button-1:focus i,.fusion-button.button-1:active .fusion-button-text, .fusion-button.button-1:active{color:#ffffff;}.fusion-button.button-1:hover .fusion-button-icon-divider, .fusion-button.button-1:hover .fusion-button-icon-divider, .fusion-button.button-1:active .fusion-button-icon-divider{border-color:#ffffff;}.fusion-button.button-1:hover, .fusion-button.button-1:focus, .fusion-button.button-1:active{border-color:#ffffff;}.fusion-button.button-1 {border-color:#ffffff;border-radius:25px;}.fusion-button.button-1{background: #427ed1;}.fusion-button.button-1:hover,.button-1:focus,.fusion-button.button-1:active{background: #4c8be0;\n\t\t\t\t\t\t\tbackground-image: -webkit-gradient( linear, left bottom, left top, from( #4588e0 ), to( #4c8be0 ) );\n\t\t\t\t\t\t\tbackground-image: -webkit-linear-gradient( bottom, #4588e0, #4c8be0 );\n\t\t\t\t\t\t\tbackground-image:   -moz-linear-gradient( bottom, #4588e0, #4c8be0 );\n\t\t\t\t\t\t\tbackground-image:     -o-linear-gradient( bottom, #4588e0, #4c8be0 );\n\t\t\t\t\t\t\tbackground-image: linear-gradient( to top, #4588e0, #4c8be0 );}<\/style><a class=\"fusion-button button-flat button-medium button-custom button-1 fusion-button-default-span fusion-button-default-type\" target=\"_self\" href=\"https:\/\/www.dispeko.com\/soluciones_y_sistemas_de_higiene\/alimentos-y-bebidas-dispeko\/\"><i class=\"fa-file-pdf far button-icon-left\"><\/i><span class=\"fusion-button-text\">MERCADOS DE ACCION<\/span><\/a><\/div><div class=\"fusion-clearfix\"><\/div>\n\n\t\t\t\t\t<\/div>\n\t\t\t\t<\/div><\/div><\/div><\/p>\n","protected":false},"excerpt":{"rendered":"","protected":false},"author":1,"featured_media":0,"parent":0,"menu_order":0,"comment_status":"closed","ping_status":"closed","template":"100-width.php","meta":{"_joinchat":[],"footnotes":""},"class_list":["post-23750","page","type-page","status-publish","hentry"],"_links":{"self":[{"href":"https:\/\/www.dispeko.com\/soluciones_y_sistemas_de_higiene\/wp-json\/wp\/v2\/pages\/23750"}],"collection":[{"href":"https:\/\/www.dispeko.com\/soluciones_y_sistemas_de_higiene\/wp-json\/wp\/v2\/pages"}],"about":[{"href":"https:\/\/www.dispeko.com\/soluciones_y_sistemas_de_higiene\/wp-json\/wp\/v2\/types\/page"}],"author":[{"embeddable":true,"href":"https:\/\/www.dispeko.com\/soluciones_y_sistemas_de_higiene\/wp-json\/wp\/v2\/users\/1"}],"replies":[{"embeddable":true,"href":"https:\/\/www.dispeko.com\/soluciones_y_sistemas_de_higiene\/wp-json\/wp\/v2\/comments?post=23750"}],"version-history":[{"count":13,"href":"https:\/\/www.dispeko.com\/soluciones_y_sistemas_de_higiene\/wp-json\/wp\/v2\/pages\/23750\/revisions"}],"predecessor-version":[{"id":24706,"href":"https:\/\/www.dispeko.com\/soluciones_y_sistemas_de_higiene\/wp-json\/wp\/v2\/pages\/23750\/revisions\/24706"}],"wp:attachment":[{"href":"https:\/\/www.dispeko.com\/soluciones_y_sistemas_de_higiene\/wp-json\/wp\/v2\/media?parent=23750"}],"curies":[{"name":"wp","href":"https:\/\/api.w.org\/{rel}","templated":true}]}}