{"id":23760,"date":"2019-10-14T16:34:14","date_gmt":"2019-10-14T16:34:14","guid":{"rendered":"http:\/\/www.dispeko.com.ar\/soluciones_y_sistemas_de_higiene\/?page_id=23760"},"modified":"2020-05-14T20:50:13","modified_gmt":"2020-05-14T20:50:13","slug":"programa-de-optimizacion-costos","status":"publish","type":"page","link":"https:\/\/www.dispeko.com\/soluciones_y_sistemas_de_higiene\/programa-de-optimizacion-costos\/","title":{"rendered":"PROGRAMA DE OPTIMIZACION DE COSTOS Y RECURSOS"},"content":{"rendered":"<p><div class=\"fusion-bg-parallax\"  data-bg-align=\"center center\" data-direction=\"left\" data-mute=\"false\" data-opacity=\"100\" data-velocity=\"-0.3\" data-mobile-enabled=\"false\" data-break_parents=\"0\" data-bg-image=\"https:\/\/www.dispeko.com\/soluciones_y_sistemas_de_higiene\/wp-content\/uploads\/2019\/10\/Auditoria-alimentaria-2.jpg\" data-bg-repeat=\"false\" data-bg-color=\"#1c1e21\" data-bg-height=\"\" data-bg-width=\"\"><\/div><div class=\"fusion-fullwidth fullwidth-box fusion-builder-row-1 fusion-parallax-left nonhundred-percent-fullwidth non-hundred-percent-height-scrolling\"  style='background-color: #1c1e21;background-image: url(\"https:\/\/www.dispeko.com\/soluciones_y_sistemas_de_higiene\/wp-content\/uploads\/2019\/10\/Auditoria-alimentaria-2.jpg\");background-position: center center;background-repeat: no-repeat;padding-top:100px;padding-bottom:100px;margin-top: -50px;border-top-width:0px;border-bottom-width:0px;border-color:#eae9e9;border-top-style:solid;border-bottom-style:solid;-webkit-background-size:cover;-moz-background-size:cover;-o-background-size:cover;background-size:cover;'><div class=\"fusion-builder-row fusion-row \"><div  class=\"fusion-layout-column fusion_builder_column fusion_builder_column_1_1 fusion-builder-column-1 fusion-one-full fusion-column-first fusion-column-last fusion-column-no-min-height 1_1\"  style='margin-top:0px;margin-bottom:0px;'>\n\t\t\t\t\t<div class=\"fusion-column-wrapper\" style=\"padding: 0px 0px 0px 0px;background-position:left top;background-repeat:no-repeat;-webkit-background-size:cover;-moz-background-size:cover;-o-background-size:cover;background-size:cover;\"   data-bg-url=\"\">\n\t\t\t\t\t\t<div class=\"fusion-sep-clear\"><\/div><div class=\"fusion-separator fusion-full-width-sep sep-none\" style=\"margin-left: auto;margin-right: auto;margin-top:7px;\"><\/div><div class=\"fusion-clearfix\"><\/div>\n\n\t\t\t\t\t<\/div>\n\t\t\t\t<\/div><div  class=\"fusion-layout-column fusion_builder_column fusion_builder_column_1_1 fusion-builder-column-2 fusion-one-full fusion-column-first fusion-column-last fusion-column-no-min-height 1_1\"  style='margin-top:0px;margin-bottom:0px;'>\n\t\t\t\t\t<div class=\"fusion-column-wrapper\" style=\"padding: 0px 0px 0px 0px;background-position:left top;background-repeat:no-repeat;-webkit-background-size:cover;-moz-background-size:cover;-o-background-size:cover;background-size:cover;\"   data-bg-url=\"\">\n\t\t\t\t\t\t<div class=\"fusion-clearfix\"><\/div>\n\n\t\t\t\t\t<\/div>\n\t\t\t\t<\/div><\/div><\/div><div class=\"fusion-fullwidth fullwidth-box fusion-builder-row-2 nonhundred-percent-fullwidth non-hundred-percent-height-scrolling\"  style='background-color: #427ed1;background-position: center center;background-repeat: no-repeat;padding-top:0px;padding-right:0px;padding-bottom:0px;padding-left:0px;'><div class=\"fusion-builder-row fusion-row \"><div  class=\"fusion-layout-column fusion_builder_column fusion_builder_column_1_1 fusion-builder-column-3 fusion-one-full fusion-column-first fusion-column-last 1_1\"  style='margin-top:15px;margin-bottom:15px;'>\n\t\t\t\t\t<div class=\"fusion-column-wrapper\" style=\"padding: 0px 0px 0px 0px;background-position:left top;background-repeat:no-repeat;-webkit-background-size:cover;-moz-background-size:cover;-o-background-size:cover;background-size:cover;\"   data-bg-url=\"\">\n\t\t\t\t\t\t<div class=\"fusion-text\"><h2 style=\"text-align: center;\" data-fontsize=\"18\" data-lineheight=\"33\"><span style=\"color: #ffffff;\">Recuerde que nuestro asesoramiento y servicio t\u00e9cnico permanente garantizan la higiene, econom\u00eda y seguridad de sus operaciones.<\/span><\/h2>\n<\/div><div class=\"fusion-clearfix\"><\/div>\n\n\t\t\t\t\t<\/div>\n\t\t\t\t<\/div><\/div><\/div><div class=\"fusion-fullwidth fullwidth-box fusion-builder-row-3 nonhundred-percent-fullwidth non-hundred-percent-height-scrolling\"  style='background-color: #ffffff;background-position: center center;background-repeat: no-repeat;padding-top:0px;padding-right:0px;padding-bottom:0px;padding-left:0px;'><div class=\"fusion-builder-row fusion-row \"><div  class=\"fusion-layout-column fusion_builder_column fusion_builder_column_1_3 fusion-builder-column-4 fusion-one-third fusion-column-first 1_3\"  style='margin-top:15px;margin-bottom:15px;width:33.33%;width:calc(33.33% - ( ( 4% + 4% ) * 0.3333 ) );margin-right: 4%;'>\n\t\t\t\t\t<div class=\"fusion-column-wrapper\" style=\"padding: 0px 0px 0px 0px;background-position:left top;background-repeat:no-repeat;-webkit-background-size:cover;-moz-background-size:cover;-o-background-size:cover;background-size:cover;\"   data-bg-url=\"\">\n\t\t\t\t\t\t<style type=\"text\/css\"><\/style><div class=\"fusion-title title fusion-title-1 fusion-title-text fusion-title-size-one\" style=\"margin-top:0px;margin-bottom:30px;\"><h1 class=\"title-heading-left\" style=\"margin:0;\"><h4><strong>PROGRAMA DE OPTIMIZACION DE COSTOS<\/strong><\/h4><\/h1><div class=\"title-sep-container\"><div class=\"title-sep sep-single sep-solid\" style=\"border-color:#e0dede;\"><\/div><\/div><\/div><span class=\"fusion-imageframe imageframe-none imageframe-1 hover-type-none\"><img loading=\"lazy\" decoding=\"async\" src=\"https:\/\/www.dispeko.com\/soluciones_y_sistemas_de_higiene\/wp-content\/uploads\/2019\/10\/Auditoria-alimentaria-2.jpg\" width=\"1920\" height=\"1281\" alt=\"\" title=\"Auditoria-alimentaria-2\" class=\"img-responsive wp-image-23698\" srcset=\"https:\/\/www.dispeko.com\/soluciones_y_sistemas_de_higiene\/wp-content\/uploads\/2019\/10\/Auditoria-alimentaria-2-200x133.jpg 200w, https:\/\/www.dispeko.com\/soluciones_y_sistemas_de_higiene\/wp-content\/uploads\/2019\/10\/Auditoria-alimentaria-2-400x267.jpg 400w, https:\/\/www.dispeko.com\/soluciones_y_sistemas_de_higiene\/wp-content\/uploads\/2019\/10\/Auditoria-alimentaria-2-600x400.jpg 600w, https:\/\/www.dispeko.com\/soluciones_y_sistemas_de_higiene\/wp-content\/uploads\/2019\/10\/Auditoria-alimentaria-2-800x534.jpg 800w, https:\/\/www.dispeko.com\/soluciones_y_sistemas_de_higiene\/wp-content\/uploads\/2019\/10\/Auditoria-alimentaria-2-1200x801.jpg 1200w, https:\/\/www.dispeko.com\/soluciones_y_sistemas_de_higiene\/wp-content\/uploads\/2019\/10\/Auditoria-alimentaria-2.jpg 1920w\" sizes=\"(max-width: 800px) 100vw, 400px\" \/><\/span><div class=\"fusion-sep-clear\"><\/div><div class=\"fusion-separator fusion-full-width-sep sep-none\" style=\"margin-left: auto;margin-right: auto;margin-top:20px;\"><\/div><div class=\"fusion-text\"><p><strong>Dispeko<\/strong> ha desarrollado el <strong>PROGRAMA DE OPTIMIZACION DE COSTOS<\/strong> para reducir los costos, disminuir los pasos, optimizar los recursos y procesos, maximizar los beneficios y lograr seguridad y eficiencia en las organizaciones actuales.<\/p>\n<p>El asesoramiento y capacitaci\u00f3n permanente de los empleados lo guiar\u00e1 respecto a la cantidad de productos a comprar de manera peri\u00f3dica, obteniendo un mayor control sobre los consumos de los diferentes puntos de venta, reduciendo los costos, evitando un excesivo stock o falta de aprovisionamiento.<\/p>\n<p><strong>A trav\u00e9s de este programa, contar\u00e1 tambi\u00e9n con asistencia t\u00e9cnica para el correcto uso de los productos, un mejor aprovechamiento y mayor vida \u00fatil, as\u00ed como de sus sistemas de dispensaci\u00f3n y dosificaci\u00f3n.<\/strong><\/p>\n<p><a class=\"bFlecha\" href=\"https:\/\/www.dispeko.com\/soluciones_y_sistemas_de_higiene\/contacos-dispeko\/\">SOLICITE M\u00c1S INFORMACI\u00d3N, UN ASESOR T\u00c9CNICO LO CONTACTAR\u00c1<\/a><\/p>\n<\/div><div class=\"fusion-clearfix\"><\/div>\n\n\t\t\t\t\t<\/div>\n\t\t\t\t<\/div><div  class=\"fusion-layout-column fusion_builder_column fusion_builder_column_1_3 fusion-builder-column-5 fusion-one-third 1_3\"  style='margin-top:15px;margin-bottom:15px;width:33.33%;width:calc(33.33% - ( ( 4% + 4% ) * 0.3333 ) );margin-right: 4%;'>\n\t\t\t\t\t<div class=\"fusion-column-wrapper\" style=\"padding: 0px 0px 0px 0px;background-position:left top;background-repeat:no-repeat;-webkit-background-size:cover;-moz-background-size:cover;-o-background-size:cover;background-size:cover;\"   data-bg-url=\"\">\n\t\t\t\t\t\t<style type=\"text\/css\"><\/style><div class=\"fusion-title title fusion-title-2 fusion-title-text fusion-title-size-one\" style=\"margin-top:0px;margin-bottom:30px;\"><h1 class=\"title-heading-left\" style=\"margin:0;\"><h4><strong>IMPLEMENTACI\u00d3N DEL PROGRAMA<\/strong><\/h4><\/h1><div class=\"title-sep-container\"><div class=\"title-sep sep-single sep-solid\" style=\"border-color:#e0dede;\"><\/div><\/div><\/div><span class=\"fusion-imageframe imageframe-none imageframe-2 hover-type-zoomin\"><img loading=\"lazy\" decoding=\"async\" src=\"https:\/\/www.dispeko.com\/soluciones_y_sistemas_de_higiene\/wp-content\/uploads\/2019\/10\/congelar-embutido.jpg\" width=\"1920\" height=\"1282\" alt=\"\" title=\"congelar-embutido\" class=\"img-responsive wp-image-23810\" srcset=\"https:\/\/www.dispeko.com\/soluciones_y_sistemas_de_higiene\/wp-content\/uploads\/2019\/10\/congelar-embutido-200x134.jpg 200w, https:\/\/www.dispeko.com\/soluciones_y_sistemas_de_higiene\/wp-content\/uploads\/2019\/10\/congelar-embutido-400x267.jpg 400w, https:\/\/www.dispeko.com\/soluciones_y_sistemas_de_higiene\/wp-content\/uploads\/2019\/10\/congelar-embutido-600x401.jpg 600w, https:\/\/www.dispeko.com\/soluciones_y_sistemas_de_higiene\/wp-content\/uploads\/2019\/10\/congelar-embutido-800x534.jpg 800w, https:\/\/www.dispeko.com\/soluciones_y_sistemas_de_higiene\/wp-content\/uploads\/2019\/10\/congelar-embutido-1200x801.jpg 1200w, https:\/\/www.dispeko.com\/soluciones_y_sistemas_de_higiene\/wp-content\/uploads\/2019\/10\/congelar-embutido.jpg 1920w\" sizes=\"(max-width: 800px) 100vw, 400px\" \/><\/span><div class=\"fusion-sep-clear\"><\/div><div class=\"fusion-separator fusion-full-width-sep sep-none\" style=\"margin-left: auto;margin-right: auto;margin-top:20px;\"><\/div><div class=\"fusion-text\"><p><strong>1. Suministro de todos los productos<\/strong> necesarios del rubro limpieza, higiene y sanitizaci\u00f3n e informaci\u00f3n t\u00e9cnica \/ operativa de los mismos (Qu\u00edmicos, papeles, bolsas e insumos).<\/p>\n<p><strong>2. Instalaci\u00f3n sin cargo<\/strong> de todos los hidrodosificadores de productos qu\u00edmicos o tanques dosificadores y dispensadores sanitarios necesarios para el \u00f3ptimo consumo de los productos.<\/p>\n<p><strong>3. Asesoramiento y Capacitaci\u00f3n<\/strong> al personal sobre aplicaci\u00f3n y seguridad en el manipuleo y almacenaje. (Capacitaci\u00f3n inicial).<\/p>\n<p><strong>4. Stock \/ Pedido<\/strong> (Se confecciona en la Planilla de Pedido) de manera semanal, de modo, que se realice una lectura del consumo, se optimice la compra y se asesore en herramientas de limpieza y sanitizaci\u00f3n que favorezcan a la manipulaci\u00f3n y a la reducci\u00f3n de los costos.<\/p>\n<p><strong>5.<\/strong> Se pacta con el cliente el d\u00eda de visita \/ recepci\u00f3n del pedido, con 48 hs. de anticipaci\u00f3n al d\u00eda de entrega del mismo. Objetivo: Entrega en tiempo y forma.<\/p>\n<p><strong>6.<\/strong> Inspecci\u00f3n y control de productos y sistemas de dispensadores.<br \/>\n<strong>(Capacitaci\u00f3n in situ)<\/strong><\/p>\n<p><strong>7. Asesoramiento sobre aplicaci\u00f3n y seguridad;<\/strong> y confecci\u00f3n de manuales de procedimiento a medida.<\/p>\n<p><strong>8. Capacitaci\u00f3n en BPM (Buenas Pr\u00e1cticas de Manufactura) y POES (Procedimientos Operativos Estandarizados de Saneamiento).<\/strong><\/p>\n<p><strong>9. Servicio T\u00e9cnico:<\/strong> Cronograma de mantenimiento preventivo y correctivo de las instalaciones.<strong> Sin costo alguno.<\/strong><\/p>\n<p><strong>A trav\u00e9s de su implementaci\u00f3n, la empresa recibir\u00e1 la ayuda necesaria para certificar y aprobar las Inspecciones de Control Bromatol\u00f3gico, as\u00ed como las Normas ISO 9001 (Norma de Control e Inspecci\u00f3n) e ISO 14000 (Norma de Seguridad Ambiental).<\/strong><\/p>\n<p><a class=\"bFlechaDiagonal\" href=\"https:\/\/www.dispeko.com\/soluciones_y_sistemas_de_higiene\/contacos-dispeko\/\">SOLICITE M\u00c1S INFORMACI\u00d3N, UN ASESOR T\u00c9CNICO LO CONTACTAR\u00c1<\/a><\/p>\n<\/div><div class=\"fusion-clearfix\"><\/div>\n\n\t\t\t\t\t<\/div>\n\t\t\t\t<\/div><div  class=\"fusion-layout-column fusion_builder_column fusion_builder_column_1_3 fusion-builder-column-6 fusion-one-third fusion-column-last 1_3\"  style='margin-top:15px;margin-bottom:15px;width:33.33%;width:calc(33.33% - ( ( 4% + 4% ) * 0.3333 ) );'>\n\t\t\t\t\t<div class=\"fusion-column-wrapper\" style=\"padding: 0px 0px 0px 0px;background-position:left top;background-repeat:no-repeat;-webkit-background-size:cover;-moz-background-size:cover;-o-background-size:cover;background-size:cover;\"   data-bg-url=\"\">\n\t\t\t\t\t\t<style type=\"text\/css\"><\/style><div class=\"fusion-title title fusion-title-3 fusion-title-text fusion-title-size-one\" style=\"margin-top:0px;margin-bottom:30px;\"><h1 class=\"title-heading-left\" style=\"margin:0;\"><h4><strong>ALCANCES Y BENEFICIOS DEL PROGRAMA<\/strong><\/h4><\/h1><div class=\"title-sep-container\"><div class=\"title-sep sep-single sep-solid\" style=\"border-color:#e0dede;\"><\/div><\/div><\/div><span class=\"fusion-imageframe imageframe-none imageframe-3 hover-type-none\"><img loading=\"lazy\" decoding=\"async\" src=\"https:\/\/www.dispeko.com\/soluciones_y_sistemas_de_higiene\/wp-content\/uploads\/2019\/10\/asesoria-legislacion-alimentaria2.jpg\" width=\"1999\" height=\"1333\" alt=\"\" title=\"asesoria-legislacion-alimentaria2\" class=\"img-responsive wp-image-23701\" srcset=\"https:\/\/www.dispeko.com\/soluciones_y_sistemas_de_higiene\/wp-content\/uploads\/2019\/10\/asesoria-legislacion-alimentaria2-200x133.jpg 200w, https:\/\/www.dispeko.com\/soluciones_y_sistemas_de_higiene\/wp-content\/uploads\/2019\/10\/asesoria-legislacion-alimentaria2-400x267.jpg 400w, https:\/\/www.dispeko.com\/soluciones_y_sistemas_de_higiene\/wp-content\/uploads\/2019\/10\/asesoria-legislacion-alimentaria2-600x400.jpg 600w, https:\/\/www.dispeko.com\/soluciones_y_sistemas_de_higiene\/wp-content\/uploads\/2019\/10\/asesoria-legislacion-alimentaria2-800x533.jpg 800w, https:\/\/www.dispeko.com\/soluciones_y_sistemas_de_higiene\/wp-content\/uploads\/2019\/10\/asesoria-legislacion-alimentaria2-1200x800.jpg 1200w, https:\/\/www.dispeko.com\/soluciones_y_sistemas_de_higiene\/wp-content\/uploads\/2019\/10\/asesoria-legislacion-alimentaria2.jpg 1999w\" sizes=\"(max-width: 800px) 100vw, 400px\" \/><\/span><div class=\"fusion-sep-clear\"><\/div><div class=\"fusion-separator fusion-full-width-sep sep-none\" style=\"margin-left: auto;margin-right: auto;margin-top:20px;\"><\/div><div class=\"fusion-text\"><p>Con el servicio del Equipo <strong>Dispeko<\/strong> todos nuestros clientes obtienen:<\/p>\n<p><strong>1. Atenci\u00f3n Personalizada:<\/strong> Nuestro equipo de profesionales se adecua a las necesidades espec\u00edficas de cada uno de nuestros clientes que forman parte de la familia <strong>Dispeko<\/strong><\/p>\n<p><strong>2. Capacitaci\u00f3n y Mejora Continua:<\/strong> Todos nuestros clientes cuentan con todo el apoyo del equipo de trabajo Dispeko para poder implementar un sistema de higiene integral, optimizando los recursos y reduciendo los costos.<\/p>\n<p><strong>3. Calidad de Producto y Servicio: <\/strong>A trav\u00e9s de nuestro servicio personalizado, nuestro cliente logra un Beneficio Econ\u00f3mico Directo, a trav\u00e9s de una disminuci\u00f3n directa de los costos (optimizando las compras) y un Beneficio Econ\u00f3mico Indirecto a trav\u00e9s de una mayor calidad, mejor servicio y simplificaci\u00f3n operativa.<\/p>\n<p><strong>4. Entrega Inmediata:<\/strong> Nuestra log\u00edstica est\u00e1 preparada para responder a las distintas exigencias del mercado, respondiendo a urgencias por eventualidades que ocasionen el desabastecimiento de agentes de limpieza.<\/p>\n<p><strong>5. Servicio T\u00e9cnico Permanente:<\/strong> Contamos con un cronograma de Servicio T\u00e9cnico Preventivo y Correctivo, para el mantenimiento, reparaci\u00f3n y limpieza (evita plagas) de los equipos y dosificadores, los cuales, hacen a la prestaci\u00f3n del servicio y al correcto uso de los mismos.<\/p>\n<p><strong>6. Servicio Post-Venta Adicional:<\/strong> Nuestro cliente, recibir\u00e1 la ayuda necesaria y asesoramiento sobre temas Bromatol\u00f3gicos, que les permita brindar Seguridad Alimentaria.<\/p>\n<p><a class=\"bFlechaDiagonal\" href=\"https:\/\/www.dispeko.com\/soluciones_y_sistemas_de_higiene\/contacos-dispeko\/\">SOLICITE M\u00c1S INFORMACI\u00d3N, UN ASESOR T\u00c9CNICO LO CONTACTAR\u00c1<\/a><\/p>\n<\/div><div class=\"fusion-clearfix\"><\/div>\n\n\t\t\t\t\t<\/div>\n\t\t\t\t<\/div><\/div><\/div><div class=\"fusion-fullwidth fullwidth-box fusion-builder-row-4 nonhundred-percent-fullwidth non-hundred-percent-height-scrolling\"  style='background-color: #427ed1;background-position: center center;background-repeat: no-repeat;padding-top:0px;padding-right:0px;padding-bottom:0px;padding-left:0px;'><div class=\"fusion-builder-row fusion-row \"><div  class=\"fusion-layout-column fusion_builder_column fusion_builder_column_1_1 fusion-builder-column-7 fusion-one-full fusion-column-first fusion-column-last 1_1\"  style='margin-top:15px;margin-bottom:15px;'>\n\t\t\t\t\t<div class=\"fusion-column-wrapper\" style=\"padding: 0px 0px 0px 0px;background-position:left top;background-repeat:no-repeat;-webkit-background-size:cover;-moz-background-size:cover;-o-background-size:cover;background-size:cover;\"   data-bg-url=\"\">\n\t\t\t\t\t\t<div class=\"fusion-text\"><h2 style=\"text-align: center;\"><span style=\"color: #ffffff;\">Cons\u00faltenos por herramientas sanitarias e insumos profesionales de Higiene, Limpieza y Sanitizaci\u00f3n.<br \/>\nImportantes descuentos en compras mayoristas.<\/span><\/h2>\n<\/div><div class=\"fusion-clearfix\"><\/div>\n\n\t\t\t\t\t<\/div>\n\t\t\t\t<\/div><\/div><\/div><\/p>\n","protected":false},"excerpt":{"rendered":"","protected":false},"author":1,"featured_media":0,"parent":0,"menu_order":0,"comment_status":"closed","ping_status":"closed","template":"100-width.php","meta":{"_joinchat":[],"footnotes":""},"class_list":["post-23760","page","type-page","status-publish","hentry"],"_links":{"self":[{"href":"https:\/\/www.dispeko.com\/soluciones_y_sistemas_de_higiene\/wp-json\/wp\/v2\/pages\/23760"}],"collection":[{"href":"https:\/\/www.dispeko.com\/soluciones_y_sistemas_de_higiene\/wp-json\/wp\/v2\/pages"}],"about":[{"href":"https:\/\/www.dispeko.com\/soluciones_y_sistemas_de_higiene\/wp-json\/wp\/v2\/types\/page"}],"author":[{"embeddable":true,"href":"https:\/\/www.dispeko.com\/soluciones_y_sistemas_de_higiene\/wp-json\/wp\/v2\/users\/1"}],"replies":[{"embeddable":true,"href":"https:\/\/www.dispeko.com\/soluciones_y_sistemas_de_higiene\/wp-json\/wp\/v2\/comments?post=23760"}],"version-history":[{"count":11,"href":"https:\/\/www.dispeko.com\/soluciones_y_sistemas_de_higiene\/wp-json\/wp\/v2\/pages\/23760\/revisions"}],"predecessor-version":[{"id":28643,"href":"https:\/\/www.dispeko.com\/soluciones_y_sistemas_de_higiene\/wp-json\/wp\/v2\/pages\/23760\/revisions\/28643"}],"wp:attachment":[{"href":"https:\/\/www.dispeko.com\/soluciones_y_sistemas_de_higiene\/wp-json\/wp\/v2\/media?parent=23760"}],"curies":[{"name":"wp","href":"https:\/\/api.w.org\/{rel}","templated":true}]}}