{"id":24913,"date":"2019-12-03T14:44:44","date_gmt":"2019-12-03T14:44:44","guid":{"rendered":"https:\/\/www.dispeko.com\/soluciones_y_sistemas_de_higiene\/?page_id=24913"},"modified":"2019-12-11T11:19:52","modified_gmt":"2019-12-11T11:19:52","slug":"empresa-vision","status":"publish","type":"page","link":"https:\/\/www.dispeko.com\/soluciones_y_sistemas_de_higiene\/empresa-vision\/","title":{"rendered":"EMPRESA . VISION EMPRESARIA"},"content":{"rendered":"<p><div class=\"fusion-bg-parallax\"  data-bg-align=\"center top\" data-direction=\"left\" data-mute=\"false\" data-opacity=\"100\" data-velocity=\"-0.3\" data-mobile-enabled=\"false\" data-break_parents=\"0\" data-bg-image=\"https:\/\/www.dispeko.com\/soluciones_y_sistemas_de_higiene\/wp-content\/uploads\/2015\/09\/banner_11.png\" data-bg-repeat=\"false\" data-bg-color=\"#1c1e21\" data-bg-height=\"\" data-bg-width=\"\"><\/div><div class=\"fusion-fullwidth fullwidth-box fusion-builder-row-1 fusion-parallax-left nonhundred-percent-fullwidth non-hundred-percent-height-scrolling\"  style='background-color: #1c1e21;background-image: url(\"https:\/\/www.dispeko.com\/soluciones_y_sistemas_de_higiene\/wp-content\/uploads\/2015\/09\/banner_11.png\");background-position: center top;background-repeat: no-repeat;padding-top:100px;padding-bottom:100px;margin-top: -50px;border-top-width:0px;border-bottom-width:0px;border-color:#eae9e9;border-top-style:solid;border-bottom-style:solid;-webkit-background-size:cover;-moz-background-size:cover;-o-background-size:cover;background-size:cover;'><div class=\"fusion-builder-row fusion-row \"><div  class=\"fusion-layout-column fusion_builder_column fusion_builder_column_1_1 fusion-builder-column-1 fusion-one-full fusion-column-first fusion-column-last fusion-column-no-min-height 1_1\"  style='margin-top:0px;margin-bottom:0px;'>\n\t\t\t\t\t<div class=\"fusion-column-wrapper\" style=\"padding: 0px 0px 0px 0px;background-position:left top;background-repeat:no-repeat;-webkit-background-size:cover;-moz-background-size:cover;-o-background-size:cover;background-size:cover;\"   data-bg-url=\"\">\n\t\t\t\t\t\t<div class=\"fusion-text\"><h2 style=\"text-align: center;\"><span style=\"color: #ffffff;\"><strong>Bienvenidos a Dispeko<\/strong><\/span><\/h2>\n<\/div><div class=\"fusion-sep-clear\"><\/div><div class=\"fusion-separator fusion-full-width-sep sep-none\" style=\"margin-left: auto;margin-right: auto;margin-top:7px;\"><\/div><div class=\"fusion-clearfix\"><\/div>\n\n\t\t\t\t\t<\/div>\n\t\t\t\t<\/div><div  class=\"fusion-layout-column fusion_builder_column fusion_builder_column_1_1 fusion-builder-column-2 fusion-one-full fusion-column-first fusion-column-last fusion-column-no-min-height 1_1\"  style='margin-top:0px;margin-bottom:0px;'>\n\t\t\t\t\t<div class=\"fusion-column-wrapper\" style=\"padding: 0px 0px 0px 0px;background-position:left top;background-repeat:no-repeat;-webkit-background-size:cover;-moz-background-size:cover;-o-background-size:cover;background-size:cover;\"   data-bg-url=\"\">\n\t\t\t\t\t\t<div class=\"fusion-clearfix\"><\/div>\n\n\t\t\t\t\t<\/div>\n\t\t\t\t<\/div><\/div><\/div><div class=\"fusion-fullwidth fullwidth-box fusion-builder-row-2 nonhundred-percent-fullwidth non-hundred-percent-height-scrolling\"  style='background-color: #ffffff;background-position: center center;background-repeat: no-repeat;padding-top:0px;padding-right:0px;padding-bottom:0px;padding-left:0px;'><div class=\"fusion-builder-row fusion-row \"><div  class=\"fusion-layout-column fusion_builder_column fusion_builder_column_1_1 fusion-builder-column-3 fusion-one-full fusion-column-first fusion-column-last 1_1\"  style='margin-top:15px;margin-bottom:15px;'>\n\t\t\t\t\t<div class=\"fusion-column-wrapper\" style=\"padding: 0px 0px 0px 0px;background-position:left top;background-repeat:no-repeat;-webkit-background-size:cover;-moz-background-size:cover;-o-background-size:cover;background-size:cover;\"   data-bg-url=\"\">\n\t\t\t\t\t\t<div class=\"fusion-sep-clear\"><\/div><div class=\"fusion-separator fusion-full-width-sep sep-none\" style=\"margin-left: auto;margin-right: auto;margin-top:7px;\"><\/div><div class=\"fusion-clearfix\"><\/div>\n\n\t\t\t\t\t<\/div>\n\t\t\t\t<\/div><\/div><\/div><div class=\"fusion-fullwidth fullwidth-box fusion-builder-row-3 nonhundred-percent-fullwidth non-hundred-percent-height-scrolling\"  style='background-color: #ffffff;background-position: center top;background-repeat: no-repeat;padding-right:0px;padding-left:0px;'><div class=\"fusion-builder-row fusion-row \"><div  class=\"fusion-layout-column fusion_builder_column fusion_builder_column_1_2 fusion-builder-column-4 fusion-one-half fusion-column-first 1_2\"  style='margin-top:15px;margin-bottom:15px;width:50%;width:calc(50% - ( ( 4% ) * 0.5 ) );margin-right: 4%;'>\n\t\t\t\t\t<div class=\"fusion-column-wrapper\" style=\"padding: 0px 0px 0px 0px;background-position:left top;background-repeat:no-repeat;-webkit-background-size:cover;-moz-background-size:cover;-o-background-size:cover;background-size:cover;\"   data-bg-url=\"\">\n\t\t\t\t\t\t<span class=\"fusion-imageframe imageframe-none imageframe-1 hover-type-none\"><img loading=\"lazy\" decoding=\"async\" src=\"https:\/\/www.dispeko.com\/soluciones_y_sistemas_de_higiene\/wp-content\/uploads\/2019\/10\/asesoria-alimentaria2.jpg\" width=\"1000\" height=\"667\" alt=\"\" title=\"asesoria-alimentaria2\" class=\"img-responsive wp-image-23700\" srcset=\"https:\/\/www.dispeko.com\/soluciones_y_sistemas_de_higiene\/wp-content\/uploads\/2019\/10\/asesoria-alimentaria2-200x133.jpg 200w, https:\/\/www.dispeko.com\/soluciones_y_sistemas_de_higiene\/wp-content\/uploads\/2019\/10\/asesoria-alimentaria2-400x267.jpg 400w, https:\/\/www.dispeko.com\/soluciones_y_sistemas_de_higiene\/wp-content\/uploads\/2019\/10\/asesoria-alimentaria2-600x400.jpg 600w, https:\/\/www.dispeko.com\/soluciones_y_sistemas_de_higiene\/wp-content\/uploads\/2019\/10\/asesoria-alimentaria2-800x534.jpg 800w, https:\/\/www.dispeko.com\/soluciones_y_sistemas_de_higiene\/wp-content\/uploads\/2019\/10\/asesoria-alimentaria2.jpg 1000w\" sizes=\"(max-width: 800px) 100vw, 600px\" \/><\/span><div class=\"fusion-sep-clear\"><\/div><div class=\"fusion-separator fusion-full-width-sep sep-none\" style=\"margin-left: auto;margin-right: auto;margin-top:;margin-bottom:20px;\"><\/div><span class=\"fusion-imageframe imageframe-none imageframe-2 hover-type-none\"><img loading=\"lazy\" decoding=\"async\" src=\"https:\/\/www.dispeko.com\/soluciones_y_sistemas_de_higiene\/wp-content\/uploads\/2019\/12\/inti-senasa-anmat-color.jpg\" width=\"600\" height=\"80\" alt=\"\" title=\"inti-senasa-anmat-color\" class=\"img-responsive wp-image-25286\" srcset=\"https:\/\/www.dispeko.com\/soluciones_y_sistemas_de_higiene\/wp-content\/uploads\/2019\/12\/inti-senasa-anmat-color-200x27.jpg 200w, https:\/\/www.dispeko.com\/soluciones_y_sistemas_de_higiene\/wp-content\/uploads\/2019\/12\/inti-senasa-anmat-color-400x53.jpg 400w, https:\/\/www.dispeko.com\/soluciones_y_sistemas_de_higiene\/wp-content\/uploads\/2019\/12\/inti-senasa-anmat-color.jpg 600w\" sizes=\"(max-width: 800px) 100vw, 600px\" \/><\/span><div class=\"fusion-clearfix\"><\/div>\n\n\t\t\t\t\t<\/div>\n\t\t\t\t<\/div><div  class=\"fusion-layout-column fusion_builder_column fusion_builder_column_1_2 fusion-builder-column-5 fusion-one-half fusion-column-last 1_2\"  style='margin-top:15px;margin-bottom:15px;width:50%;width:calc(50% - ( ( 4% ) * 0.5 ) );'>\n\t\t\t\t\t<div class=\"fusion-column-wrapper\" style=\"padding: 0px 0px 0px 0px;background-position:left top;background-repeat:no-repeat;-webkit-background-size:cover;-moz-background-size:cover;-o-background-size:cover;background-size:cover;\"   data-bg-url=\"\">\n\t\t\t\t\t\t<div class=\"fusion-text\"><p><b>\u00bb Queremos convertirnos en una de las empresas lideres en implementaci\u00f3n de sistemas de higiene, desinfecci\u00f3n y sanitizaci\u00f3n del Mercosur\u00bb<\/b><\/p>\n<p>Nuestro compromiso se expresa en el desaf\u00edo que hemos asumido los que formamos parte del Equipo Dispeko. Brindar a la comunidad lo mejor de nosotros, poner profesionalismo y pasi\u00f3n en lo que hacemos para brindarles a quienes nos eligen d\u00eda a d\u00eda, productos seguros y de calidad a precios accesibles con servicios paralelos orientados a la soluci\u00f3n de sus necesidades.<\/p>\n<p>Dispeko es una empresa que nace de la inquietud por servir a un mercado local con necesidades muy espec\u00edficas; por lo tanto nuestro compromiso es desarrollar un prospero negocio con atenci\u00f3n personalizada en el \u00e1rea de las especialidades qu\u00edmicas, papel, insumos y accesorios, mediante productos de alta calidad, \u00e1gil servicio al cliente y excelente asistencia t\u00e9cnica.<\/p>\n<\/div><div class=\"fusion-button-wrapper\"><style type=\"text\/css\">.fusion-button.button-1 .fusion-button-text, .fusion-button.button-1 i {color:#ffffff;}.fusion-button.button-1 .fusion-button-icon-divider{border-color:#ffffff;}.fusion-button.button-1:hover .fusion-button-text, .fusion-button.button-1:hover i,.fusion-button.button-1:focus .fusion-button-text, .fusion-button.button-1:focus i,.fusion-button.button-1:active .fusion-button-text, .fusion-button.button-1:active{color:#ffffff;}.fusion-button.button-1:hover .fusion-button-icon-divider, .fusion-button.button-1:hover .fusion-button-icon-divider, .fusion-button.button-1:active .fusion-button-icon-divider{border-color:#ffffff;}.fusion-button.button-1:hover, .fusion-button.button-1:focus, .fusion-button.button-1:active{border-color:#ffffff;}.fusion-button.button-1 {border-color:#ffffff;border-radius:25px;}.fusion-button.button-1{background: #427ed1;}.fusion-button.button-1:hover,.button-1:focus,.fusion-button.button-1:active{background: #4c8be0;}<\/style><a class=\"fusion-button button-flat button-medium button-custom button-1 fusion-button-default-span fusion-button-default-type\" target=\"_self\" href=\"https:\/\/www.dispeko.com\/soluciones_y_sistemas_de_higiene\/food-control-system\/\"><i class=\"fa-file-pdf far button-icon-left\"><\/i><span class=\"fusion-button-text\">NUESTROS SERVICIOS<\/span><\/a><\/div><div class=\"fusion-clearfix\"><\/div>\n\n\t\t\t\t\t<\/div>\n\t\t\t\t<\/div><\/div><\/div><\/p>\n","protected":false},"excerpt":{"rendered":"","protected":false},"author":1,"featured_media":0,"parent":0,"menu_order":0,"comment_status":"closed","ping_status":"closed","template":"100-width.php","meta":{"_joinchat":[],"footnotes":""},"class_list":["post-24913","page","type-page","status-publish","hentry"],"_links":{"self":[{"href":"https:\/\/www.dispeko.com\/soluciones_y_sistemas_de_higiene\/wp-json\/wp\/v2\/pages\/24913"}],"collection":[{"href":"https:\/\/www.dispeko.com\/soluciones_y_sistemas_de_higiene\/wp-json\/wp\/v2\/pages"}],"about":[{"href":"https:\/\/www.dispeko.com\/soluciones_y_sistemas_de_higiene\/wp-json\/wp\/v2\/types\/page"}],"author":[{"embeddable":true,"href":"https:\/\/www.dispeko.com\/soluciones_y_sistemas_de_higiene\/wp-json\/wp\/v2\/users\/1"}],"replies":[{"embeddable":true,"href":"https:\/\/www.dispeko.com\/soluciones_y_sistemas_de_higiene\/wp-json\/wp\/v2\/comments?post=24913"}],"version-history":[{"count":9,"href":"https:\/\/www.dispeko.com\/soluciones_y_sistemas_de_higiene\/wp-json\/wp\/v2\/pages\/24913\/revisions"}],"predecessor-version":[{"id":25443,"href":"https:\/\/www.dispeko.com\/soluciones_y_sistemas_de_higiene\/wp-json\/wp\/v2\/pages\/24913\/revisions\/25443"}],"wp:attachment":[{"href":"https:\/\/www.dispeko.com\/soluciones_y_sistemas_de_higiene\/wp-json\/wp\/v2\/media?parent=24913"}],"curies":[{"name":"wp","href":"https:\/\/api.w.org\/{rel}","templated":true}]}}