{"id":24952,"date":"2019-12-03T19:03:59","date_gmt":"2019-12-03T19:03:59","guid":{"rendered":"https:\/\/www.dispeko.com\/soluciones_y_sistemas_de_higiene\/?page_id=24952"},"modified":"2019-12-09T00:56:31","modified_gmt":"2019-12-09T00:56:31","slug":"papeles","status":"publish","type":"page","link":"https:\/\/www.dispeko.com\/soluciones_y_sistemas_de_higiene\/papeles\/","title":{"rendered":"ABASTECIMIENTOS . PAPELES"},"content":{"rendered":"<p><div class=\"fusion-bg-parallax\"  data-bg-align=\"center center\" data-direction=\"left\" data-mute=\"false\" data-opacity=\"100\" data-velocity=\"-0.3\" data-mobile-enabled=\"false\" data-break_parents=\"0\" data-bg-image=\"https:\/\/www.dispeko.com\/soluciones_y_sistemas_de_higiene\/wp-content\/uploads\/2018\/07\/image_toalla_en_rollo.jpg\" data-bg-repeat=\"false\" data-bg-color=\"#ffffff\" data-bg-height=\"\" data-bg-width=\"\"><\/div><div class=\"fusion-fullwidth fullwidth-box fusion-builder-row-1 fusion-parallax-left nonhundred-percent-fullwidth non-hundred-percent-height-scrolling\"  style='background-color: #ffffff;background-image: url(\"https:\/\/www.dispeko.com\/soluciones_y_sistemas_de_higiene\/wp-content\/uploads\/2018\/07\/image_toalla_en_rollo.jpg\");background-position: center center;background-repeat: no-repeat;padding-top:100px;padding-bottom:100px;margin-top: -50px;border-top-width:0px;border-bottom-width:0px;border-color:#eae9e9;border-top-style:solid;border-bottom-style:solid;-webkit-background-size:cover;-moz-background-size:cover;-o-background-size:cover;background-size:cover;'><div class=\"fusion-builder-row fusion-row \"><div  class=\"fusion-layout-column fusion_builder_column fusion_builder_column_1_1 fusion-builder-column-1 fusion-one-full fusion-column-first fusion-column-last fusion-column-no-min-height 1_1\"  style='margin-top:0px;margin-bottom:0px;'>\n\t\t\t\t\t<div class=\"fusion-column-wrapper\" style=\"padding: 0px 0px 0px 0px;background-position:left top;background-repeat:no-repeat;-webkit-background-size:cover;-moz-background-size:cover;-o-background-size:cover;background-size:cover;\"   data-bg-url=\"\">\n\t\t\t\t\t\t<div class=\"fusion-sep-clear\"><\/div><div class=\"fusion-separator fusion-full-width-sep sep-none\" style=\"margin-left: auto;margin-right: auto;margin-top:7px;\"><\/div><div class=\"fusion-clearfix\"><\/div>\n\n\t\t\t\t\t<\/div>\n\t\t\t\t<\/div><div  class=\"fusion-layout-column fusion_builder_column fusion_builder_column_1_1 fusion-builder-column-2 fusion-one-full fusion-column-first fusion-column-last fusion-column-no-min-height 1_1\"  style='margin-top:0px;margin-bottom:0px;'>\n\t\t\t\t\t<div class=\"fusion-column-wrapper\" style=\"padding: 0px 0px 0px 0px;background-position:left top;background-repeat:no-repeat;-webkit-background-size:cover;-moz-background-size:cover;-o-background-size:cover;background-size:cover;\"   data-bg-url=\"\">\n\t\t\t\t\t\t<div class=\"fusion-clearfix\"><\/div>\n\n\t\t\t\t\t<\/div>\n\t\t\t\t<\/div><\/div><\/div><div class=\"fusion-fullwidth fullwidth-box fusion-builder-row-2 nonhundred-percent-fullwidth non-hundred-percent-height-scrolling\"  style='background-color: #ffffff;background-position: center center;background-repeat: no-repeat;padding-top:0px;padding-right:0px;padding-bottom:0px;padding-left:0px;'><div class=\"fusion-builder-row fusion-row \"><div  class=\"fusion-layout-column fusion_builder_column fusion_builder_column_1_1 fusion-builder-column-3 fusion-one-full fusion-column-first fusion-column-last 1_1\"  style='margin-top:15px;margin-bottom:15px;'>\n\t\t\t\t\t<div class=\"fusion-column-wrapper\" style=\"padding: 0px 0px 0px 0px;background-position:left top;background-repeat:no-repeat;-webkit-background-size:cover;-moz-background-size:cover;-o-background-size:cover;background-size:cover;\"   data-bg-url=\"\">\n\t\t\t\t\t\t<div class=\"fusion-sep-clear\"><\/div><div class=\"fusion-separator fusion-full-width-sep sep-none\" style=\"margin-left: auto;margin-right: auto;margin-top:7px;\"><\/div><div class=\"fusion-clearfix\"><\/div>\n\n\t\t\t\t\t<\/div>\n\t\t\t\t<\/div><\/div><\/div><div class=\"fusion-fullwidth fullwidth-box fusion-builder-row-3 nonhundred-percent-fullwidth non-hundred-percent-height-scrolling\"  style='background-color: #ffffff;background-position: center top;background-repeat: no-repeat;padding-right:0px;padding-left:0px;'><div class=\"fusion-builder-row fusion-row \"><div  class=\"fusion-layout-column fusion_builder_column fusion_builder_column_1_2 fusion-builder-column-4 fusion-one-half fusion-column-first 1_2\"  style='margin-top:15px;margin-bottom:15px;width:50%;width:calc(50% - ( ( 4% ) * 0.5 ) );margin-right: 4%;'>\n\t\t\t\t\t<div class=\"fusion-column-wrapper\" style=\"padding: 0px 0px 0px 0px;background-position:left top;background-repeat:no-repeat;-webkit-background-size:cover;-moz-background-size:cover;-o-background-size:cover;background-size:cover;\"   data-bg-url=\"\">\n\t\t\t\t\t\t<span class=\"fusion-imageframe imageframe-none imageframe-1 hover-type-none\"><img loading=\"lazy\" decoding=\"async\" src=\"https:\/\/www.dispeko.com\/soluciones_y_sistemas_de_higiene\/wp-content\/uploads\/2018\/07\/image_toalla_en_rollo.jpg\" width=\"458\" height=\"458\" alt=\"\" title=\"image_toalla_en_rollo\" class=\"img-responsive wp-image-22110\" srcset=\"https:\/\/www.dispeko.com\/soluciones_y_sistemas_de_higiene\/wp-content\/uploads\/2018\/07\/image_toalla_en_rollo-200x200.jpg 200w, https:\/\/www.dispeko.com\/soluciones_y_sistemas_de_higiene\/wp-content\/uploads\/2018\/07\/image_toalla_en_rollo-400x400.jpg 400w, https:\/\/www.dispeko.com\/soluciones_y_sistemas_de_higiene\/wp-content\/uploads\/2018\/07\/image_toalla_en_rollo.jpg 458w\" sizes=\"(max-width: 800px) 100vw, 458px\" \/><\/span><div class=\"fusion-clearfix\"><\/div>\n\n\t\t\t\t\t<\/div>\n\t\t\t\t<\/div><div  class=\"fusion-layout-column fusion_builder_column fusion_builder_column_1_2 fusion-builder-column-5 fusion-one-half fusion-column-last 1_2\"  style='margin-top:15px;margin-bottom:15px;width:50%;width:calc(50% - ( ( 4% ) * 0.5 ) );'>\n\t\t\t\t\t<div class=\"fusion-column-wrapper\" style=\"padding: 0px 0px 0px 0px;background-position:left top;background-repeat:no-repeat;-webkit-background-size:cover;-moz-background-size:cover;-o-background-size:cover;background-size:cover;\"   data-bg-url=\"\">\n\t\t\t\t\t\t<div class=\"fusion-text\"><p>La l\u00ednea papel para la higiene institucional posee diferentes alternativas de formatos y metros, que satisfacen los requerimientos de distintos niveles de concentraci\u00f3n y rotaci\u00f3n de individuos, brindando una adecuada absorci\u00f3n y resistencia para el secado de manos, objetos y superficies. Desarrollamos soluciones globales a trav\u00e9s de la m\u00e1s completa l\u00ednea de productos y dispensadores para papeles higi\u00e9nicos, toallas de mano, cobertores y bobinas industriales.<\/p>\n<p>La familia de productos de la l\u00ednea papel, combinada con los resistentes dispensadores y el asesoramiento a medida, aseguran la efectividad y rapidez del proceso de higiene. Las soluciones higi\u00e9nicas integrales de <strong>Dispeko<\/strong> han sido dise\u00f1adas pensando en las necesidades de un mercado extenso y variado de empresas e instituciones, respondiendo a altos est\u00e1ndares de calidad, higiene, econom\u00eda, seguridad y respeto por el medio ambiente.<\/p>\n<\/div><div class=\"fusion-clearfix\"><\/div>\n\n\t\t\t\t\t<\/div>\n\t\t\t\t<\/div><\/div><\/div><\/p>\n","protected":false},"excerpt":{"rendered":"","protected":false},"author":1,"featured_media":0,"parent":0,"menu_order":0,"comment_status":"closed","ping_status":"closed","template":"100-width.php","meta":{"_joinchat":[],"footnotes":""},"class_list":["post-24952","page","type-page","status-publish","hentry"],"_links":{"self":[{"href":"https:\/\/www.dispeko.com\/soluciones_y_sistemas_de_higiene\/wp-json\/wp\/v2\/pages\/24952"}],"collection":[{"href":"https:\/\/www.dispeko.com\/soluciones_y_sistemas_de_higiene\/wp-json\/wp\/v2\/pages"}],"about":[{"href":"https:\/\/www.dispeko.com\/soluciones_y_sistemas_de_higiene\/wp-json\/wp\/v2\/types\/page"}],"author":[{"embeddable":true,"href":"https:\/\/www.dispeko.com\/soluciones_y_sistemas_de_higiene\/wp-json\/wp\/v2\/users\/1"}],"replies":[{"embeddable":true,"href":"https:\/\/www.dispeko.com\/soluciones_y_sistemas_de_higiene\/wp-json\/wp\/v2\/comments?post=24952"}],"version-history":[{"count":5,"href":"https:\/\/www.dispeko.com\/soluciones_y_sistemas_de_higiene\/wp-json\/wp\/v2\/pages\/24952\/revisions"}],"predecessor-version":[{"id":25295,"href":"https:\/\/www.dispeko.com\/soluciones_y_sistemas_de_higiene\/wp-json\/wp\/v2\/pages\/24952\/revisions\/25295"}],"wp:attachment":[{"href":"https:\/\/www.dispeko.com\/soluciones_y_sistemas_de_higiene\/wp-json\/wp\/v2\/media?parent=24952"}],"curies":[{"name":"wp","href":"https:\/\/api.w.org\/{rel}","templated":true}]}}