{"id":24993,"date":"2019-12-04T21:09:46","date_gmt":"2019-12-04T21:09:46","guid":{"rendered":"https:\/\/www.dispeko.com\/soluciones_y_sistemas_de_higiene\/?page_id=24993"},"modified":"2019-12-08T23:56:36","modified_gmt":"2019-12-08T23:56:36","slug":"mercados-restaurantes","status":"publish","type":"page","link":"https:\/\/www.dispeko.com\/soluciones_y_sistemas_de_higiene\/mercados-restaurantes\/","title":{"rendered":"MERCADOS . RESTAURANTES"},"content":{"rendered":"<p><div class=\"fusion-bg-parallax\"  data-bg-align=\"center center\" data-direction=\"left\" data-mute=\"false\" data-opacity=\"100\" data-velocity=\"-0.3\" data-mobile-enabled=\"false\" data-break_parents=\"0\" data-bg-image=\"https:\/\/www.dispeko.com\/soluciones_y_sistemas_de_higiene\/wp-content\/uploads\/2019\/10\/photo-cooking2.jpeg\" data-bg-repeat=\"false\" data-bg-color=\"#1c1e21\" data-bg-height=\"\" data-bg-width=\"\"><\/div><div class=\"fusion-fullwidth fullwidth-box fusion-builder-row-1 fusion-parallax-left nonhundred-percent-fullwidth non-hundred-percent-height-scrolling\"  style='background-color: #1c1e21;background-image: url(\"https:\/\/www.dispeko.com\/soluciones_y_sistemas_de_higiene\/wp-content\/uploads\/2019\/10\/photo-cooking2.jpeg\");background-position: center center;background-repeat: no-repeat;padding-top:100px;padding-bottom:100px;margin-top: -50px;border-top-width:0px;border-bottom-width:0px;border-color:#eae9e9;border-top-style:solid;border-bottom-style:solid;-webkit-background-size:cover;-moz-background-size:cover;-o-background-size:cover;background-size:cover;'><div class=\"fusion-builder-row fusion-row \"><div  class=\"fusion-layout-column fusion_builder_column fusion_builder_column_1_1 fusion-builder-column-1 fusion-one-full fusion-column-first fusion-column-last fusion-column-no-min-height 1_1\"  style='margin-top:0px;margin-bottom:0px;'>\n\t\t\t\t\t<div class=\"fusion-column-wrapper\" style=\"padding: 0px 0px 0px 0px;background-position:left top;background-repeat:no-repeat;-webkit-background-size:cover;-moz-background-size:cover;-o-background-size:cover;background-size:cover;\"   data-bg-url=\"\">\n\t\t\t\t\t\t<div class=\"fusion-clearfix\"><\/div>\n\n\t\t\t\t\t<\/div>\n\t\t\t\t<\/div><\/div><\/div><div class=\"fusion-fullwidth fullwidth-box fusion-builder-row-2 nonhundred-percent-fullwidth non-hundred-percent-height-scrolling\"  style='background-color: #ffffff;background-position: center top;background-repeat: no-repeat;padding-right:0px;padding-left:0px;'><div class=\"fusion-builder-row fusion-row \"><div  class=\"fusion-layout-column fusion_builder_column fusion_builder_column_1_2 fusion-builder-column-2 fusion-one-half fusion-column-first 1_2\"  style='margin-top:15px;margin-bottom:15px;width:50%;width:calc(50% - ( ( 4% ) * 0.5 ) );margin-right: 4%;'>\n\t\t\t\t\t<div class=\"fusion-column-wrapper\" style=\"padding: 0px 0px 0px 0px;background-position:left top;background-repeat:no-repeat;-webkit-background-size:cover;-moz-background-size:cover;-o-background-size:cover;background-size:cover;\"   data-bg-url=\"\">\n\t\t\t\t\t\t<span class=\"fusion-imageframe imageframe-none imageframe-1 hover-type-none\"><img loading=\"lazy\" decoding=\"async\" src=\"https:\/\/www.dispeko.com\/soluciones_y_sistemas_de_higiene\/wp-content\/uploads\/2019\/10\/que-alimentos-se-pueden-congelar-3.jpg\" width=\"800\" height=\"600\" alt=\"\" title=\"que-alimentos-se-pueden-congelar-3\" class=\"img-responsive wp-image-23821\" srcset=\"https:\/\/www.dispeko.com\/soluciones_y_sistemas_de_higiene\/wp-content\/uploads\/2019\/10\/que-alimentos-se-pueden-congelar-3-200x150.jpg 200w, https:\/\/www.dispeko.com\/soluciones_y_sistemas_de_higiene\/wp-content\/uploads\/2019\/10\/que-alimentos-se-pueden-congelar-3-400x300.jpg 400w, https:\/\/www.dispeko.com\/soluciones_y_sistemas_de_higiene\/wp-content\/uploads\/2019\/10\/que-alimentos-se-pueden-congelar-3-600x450.jpg 600w, https:\/\/www.dispeko.com\/soluciones_y_sistemas_de_higiene\/wp-content\/uploads\/2019\/10\/que-alimentos-se-pueden-congelar-3.jpg 800w\" sizes=\"(max-width: 800px) 100vw, 600px\" \/><\/span><div class=\"fusion-sep-clear\"><\/div><div class=\"fusion-separator fusion-full-width-sep sep-none\" style=\"margin-left: auto;margin-right: auto;margin-top:;margin-bottom:20px;\"><\/div><div class=\"fusion-text\"><ul>\n<li><a class=\"bFlecha\" href=\"https:\/\/www.dispeko.com\/soluciones_y_sistemas_de_higiene\/productos-quimicos-dispeko\/\">PRODUCTOS QUIMICOS<\/a><\/li>\n<li><a class=\"bFlecha\" href=\"https:\/\/www.dispeko.com\/soluciones_y_sistemas_de_higiene\/papeles\/\">PAPELES<\/a><\/li>\n<li><a class=\"bFlecha\" href=\"https:\/\/www.dispeko.com\/soluciones_y_sistemas_de_higiene\/dispensers-y-dosificadores\/\">DISPENSADORES Y DOSIFICADORES<\/a><\/li>\n<li><a class=\"bFlecha\" href=\"https:\/\/www.dispeko.com\/soluciones_y_sistemas_de_higiene\/insumos-y-accesorios\/\">INSUMOS Y ACCESORIOS<\/a><\/li>\n<\/ul>\n<\/div><div class=\"fusion-clearfix\"><\/div>\n\n\t\t\t\t\t<\/div>\n\t\t\t\t<\/div><div  class=\"fusion-layout-column fusion_builder_column fusion_builder_column_1_2 fusion-builder-column-3 fusion-one-half fusion-column-last 1_2\"  style='margin-top:15px;margin-bottom:15px;width:50%;width:calc(50% - ( ( 4% ) * 0.5 ) );'>\n\t\t\t\t\t<div class=\"fusion-column-wrapper\" style=\"padding: 0px 0px 0px 0px;background-position:left top;background-repeat:no-repeat;-webkit-background-size:cover;-moz-background-size:cover;-o-background-size:cover;background-size:cover;\"   data-bg-url=\"\">\n\t\t\t\t\t\t<div class=\"fusion-text\"><p><strong>Dispeko<\/strong> conoce en profundidad el negocio del servicio gastron\u00f3mico y es consciente de los grandes retos que afrontan los participantes de este negocio con las continuas inspecciones bromatol\u00f3gicas, la permanente rotaci\u00f3n del personal y la necesidad constante de reposici\u00f3n del stock. Ese conocimiento nos permite ir a la ra\u00edz de los problemas y brindar soluciones a medida.<\/p>\n<p>Nuestros equipos de trabajo han desarrollado programas completos de limpieza y sanitizaci\u00f3n que contienen training al personal, planes de higiene personal, productos y sistemas ready-to-use, y servicios de control de plagas e insectos que combinados aportan ahorros en tiempo y preocupaci\u00f3n.<\/p>\n<p>Para asegurar la eficacia de nuestros programas, proveemos de informes de efectividad tras su implantaci\u00f3n que permiten analizar el progreso alcanzado en esta materia. Ponemos \u00e9nfasis en la simplicidad, con sistemas efectivos en costo y medio-ambientalmente respetuosos.<\/p>\n<\/div><div class=\"fusion-button-wrapper\"><style type=\"text\/css\">.fusion-button.button-1 .fusion-button-text, .fusion-button.button-1 i {color:#ffffff;}.fusion-button.button-1 .fusion-button-icon-divider{border-color:#ffffff;}.fusion-button.button-1:hover .fusion-button-text, .fusion-button.button-1:hover i,.fusion-button.button-1:focus .fusion-button-text, .fusion-button.button-1:focus i,.fusion-button.button-1:active .fusion-button-text, .fusion-button.button-1:active{color:#ffffff;}.fusion-button.button-1:hover .fusion-button-icon-divider, .fusion-button.button-1:hover .fusion-button-icon-divider, .fusion-button.button-1:active .fusion-button-icon-divider{border-color:#ffffff;}.fusion-button.button-1:hover, .fusion-button.button-1:focus, .fusion-button.button-1:active{border-color:#ffffff;}.fusion-button.button-1 {border-color:#ffffff;border-radius:25px;}.fusion-button.button-1{background: #427ed1;}.fusion-button.button-1:hover,.button-1:focus,.fusion-button.button-1:active{background: #4c8be0;}<\/style><a class=\"fusion-button button-flat button-medium button-custom button-1 fusion-button-default-span fusion-button-default-type\" target=\"_self\" href=\"https:\/\/www.dispeko.com\/soluciones_y_sistemas_de_higiene\/food-control-system\/\"><i class=\"fa-file-pdf far button-icon-left\"><\/i><span class=\"fusion-button-text\">VER SERVICIOS<\/span><\/a><\/div><div class=\"fusion-clearfix\"><\/div>\n\n\t\t\t\t\t<\/div>\n\t\t\t\t<\/div><\/div><\/div><\/p>\n","protected":false},"excerpt":{"rendered":"","protected":false},"author":1,"featured_media":0,"parent":0,"menu_order":0,"comment_status":"closed","ping_status":"closed","template":"100-width.php","meta":{"_joinchat":[],"footnotes":""},"class_list":["post-24993","page","type-page","status-publish","hentry"],"_links":{"self":[{"href":"https:\/\/www.dispeko.com\/soluciones_y_sistemas_de_higiene\/wp-json\/wp\/v2\/pages\/24993"}],"collection":[{"href":"https:\/\/www.dispeko.com\/soluciones_y_sistemas_de_higiene\/wp-json\/wp\/v2\/pages"}],"about":[{"href":"https:\/\/www.dispeko.com\/soluciones_y_sistemas_de_higiene\/wp-json\/wp\/v2\/types\/page"}],"author":[{"embeddable":true,"href":"https:\/\/www.dispeko.com\/soluciones_y_sistemas_de_higiene\/wp-json\/wp\/v2\/users\/1"}],"replies":[{"embeddable":true,"href":"https:\/\/www.dispeko.com\/soluciones_y_sistemas_de_higiene\/wp-json\/wp\/v2\/comments?post=24993"}],"version-history":[{"count":18,"href":"https:\/\/www.dispeko.com\/soluciones_y_sistemas_de_higiene\/wp-json\/wp\/v2\/pages\/24993\/revisions"}],"predecessor-version":[{"id":25268,"href":"https:\/\/www.dispeko.com\/soluciones_y_sistemas_de_higiene\/wp-json\/wp\/v2\/pages\/24993\/revisions\/25268"}],"wp:attachment":[{"href":"https:\/\/www.dispeko.com\/soluciones_y_sistemas_de_higiene\/wp-json\/wp\/v2\/media?parent=24993"}],"curies":[{"name":"wp","href":"https:\/\/api.w.org\/{rel}","templated":true}]}}