{"id":24995,"date":"2019-12-04T21:12:29","date_gmt":"2019-12-04T21:12:29","guid":{"rendered":"https:\/\/www.dispeko.com\/soluciones_y_sistemas_de_higiene\/?page_id=24995"},"modified":"2019-12-09T00:25:37","modified_gmt":"2019-12-09T00:25:37","slug":"mercados-limpieza-y-mantenimiento","status":"publish","type":"page","link":"https:\/\/www.dispeko.com\/soluciones_y_sistemas_de_higiene\/mercados-limpieza-y-mantenimiento\/","title":{"rendered":"MERCADOS . LIMPIEZA Y MANTENIMIENTO"},"content":{"rendered":"<p><div class=\"fusion-bg-parallax\"  data-bg-align=\"center center\" data-direction=\"left\" data-mute=\"false\" data-opacity=\"100\" data-velocity=\"-0.3\" data-mobile-enabled=\"false\" data-break_parents=\"0\" data-bg-image=\"https:\/\/www.dispeko.com\/soluciones_y_sistemas_de_higiene\/wp-content\/uploads\/2019\/12\/empresas-limpieza.jpg\" data-bg-repeat=\"false\" data-bg-color=\"#1c1e21\" data-bg-height=\"\" data-bg-width=\"\"><\/div><div class=\"fusion-fullwidth fullwidth-box fusion-builder-row-1 fusion-parallax-left nonhundred-percent-fullwidth non-hundred-percent-height-scrolling\"  style='background-color: #1c1e21;background-image: url(\"https:\/\/www.dispeko.com\/soluciones_y_sistemas_de_higiene\/wp-content\/uploads\/2019\/12\/empresas-limpieza.jpg\");background-position: center center;background-repeat: no-repeat;padding-top:100px;padding-bottom:100px;margin-top: -50px;border-top-width:0px;border-bottom-width:0px;border-color:#eae9e9;border-top-style:solid;border-bottom-style:solid;-webkit-background-size:cover;-moz-background-size:cover;-o-background-size:cover;background-size:cover;'><div class=\"fusion-builder-row fusion-row \"><div  class=\"fusion-layout-column fusion_builder_column fusion_builder_column_1_1 fusion-builder-column-1 fusion-one-full fusion-column-first fusion-column-last fusion-column-no-min-height 1_1\"  style='margin-top:0px;margin-bottom:0px;'>\n\t\t\t\t\t<div class=\"fusion-column-wrapper\" style=\"padding: 0px 0px 0px 0px;background-position:left top;background-repeat:no-repeat;-webkit-background-size:cover;-moz-background-size:cover;-o-background-size:cover;background-size:cover;\"   data-bg-url=\"\">\n\t\t\t\t\t\t<div class=\"fusion-sep-clear\"><\/div><div class=\"fusion-separator fusion-full-width-sep sep-none\" style=\"margin-left: auto;margin-right: auto;margin-top:7px;\"><\/div><div class=\"fusion-clearfix\"><\/div>\n\n\t\t\t\t\t<\/div>\n\t\t\t\t<\/div><div  class=\"fusion-layout-column fusion_builder_column fusion_builder_column_1_1 fusion-builder-column-2 fusion-one-full fusion-column-first fusion-column-last fusion-column-no-min-height 1_1\"  style='margin-top:0px;margin-bottom:0px;'>\n\t\t\t\t\t<div class=\"fusion-column-wrapper\" style=\"padding: 0px 0px 0px 0px;background-position:left top;background-repeat:no-repeat;-webkit-background-size:cover;-moz-background-size:cover;-o-background-size:cover;background-size:cover;\"   data-bg-url=\"\">\n\t\t\t\t\t\t<div class=\"fusion-clearfix\"><\/div>\n\n\t\t\t\t\t<\/div>\n\t\t\t\t<\/div><\/div><\/div><div class=\"fusion-fullwidth fullwidth-box fusion-builder-row-2 nonhundred-percent-fullwidth non-hundred-percent-height-scrolling\"  style='background-color: #ffffff;background-position: center center;background-repeat: no-repeat;padding-top:0px;padding-right:0px;padding-bottom:0px;padding-left:0px;'><div class=\"fusion-builder-row fusion-row \"><div  class=\"fusion-layout-column fusion_builder_column fusion_builder_column_1_1 fusion-builder-column-3 fusion-one-full fusion-column-first fusion-column-last 1_1\"  style='margin-top:15px;margin-bottom:15px;'>\n\t\t\t\t\t<div class=\"fusion-column-wrapper\" style=\"padding: 0px 0px 0px 0px;background-position:left top;background-repeat:no-repeat;-webkit-background-size:cover;-moz-background-size:cover;-o-background-size:cover;background-size:cover;\"   data-bg-url=\"\">\n\t\t\t\t\t\t<div class=\"fusion-sep-clear\"><\/div><div class=\"fusion-separator fusion-full-width-sep sep-none\" style=\"margin-left: auto;margin-right: auto;margin-top:7px;\"><\/div><div class=\"fusion-clearfix\"><\/div>\n\n\t\t\t\t\t<\/div>\n\t\t\t\t<\/div><\/div><\/div><div class=\"fusion-fullwidth fullwidth-box fusion-builder-row-3 nonhundred-percent-fullwidth non-hundred-percent-height-scrolling\"  style='background-color: #ffffff;background-position: center top;background-repeat: no-repeat;padding-right:0px;padding-left:0px;'><div class=\"fusion-builder-row fusion-row \"><div  class=\"fusion-layout-column fusion_builder_column fusion_builder_column_1_2 fusion-builder-column-4 fusion-one-half fusion-column-first 1_2\"  style='margin-top:15px;margin-bottom:15px;width:50%;width:calc(50% - ( ( 4% ) * 0.5 ) );margin-right: 4%;'>\n\t\t\t\t\t<div class=\"fusion-column-wrapper\" style=\"padding: 0px 0px 0px 0px;background-position:left top;background-repeat:no-repeat;-webkit-background-size:cover;-moz-background-size:cover;-o-background-size:cover;background-size:cover;\"   data-bg-url=\"\">\n\t\t\t\t\t\t<span class=\"fusion-imageframe imageframe-none imageframe-1 hover-type-none\"><img loading=\"lazy\" decoding=\"async\" src=\"https:\/\/www.dispeko.com\/soluciones_y_sistemas_de_higiene\/wp-content\/uploads\/2019\/12\/piso_mojado.jpg\" width=\"620\" height=\"365\" alt=\"\" title=\"piso_mojado\" class=\"img-responsive wp-image-25282\" srcset=\"https:\/\/www.dispeko.com\/soluciones_y_sistemas_de_higiene\/wp-content\/uploads\/2019\/12\/piso_mojado-200x118.jpg 200w, https:\/\/www.dispeko.com\/soluciones_y_sistemas_de_higiene\/wp-content\/uploads\/2019\/12\/piso_mojado-400x235.jpg 400w, https:\/\/www.dispeko.com\/soluciones_y_sistemas_de_higiene\/wp-content\/uploads\/2019\/12\/piso_mojado-600x353.jpg 600w, https:\/\/www.dispeko.com\/soluciones_y_sistemas_de_higiene\/wp-content\/uploads\/2019\/12\/piso_mojado.jpg 620w\" sizes=\"(max-width: 800px) 100vw, 600px\" \/><\/span><div class=\"fusion-sep-clear\"><\/div><div class=\"fusion-separator fusion-full-width-sep sep-none\" style=\"margin-left: auto;margin-right: auto;margin-top:;margin-bottom:20px;\"><\/div><div class=\"fusion-button-wrapper\"><style type=\"text\/css\">.fusion-button.button-1 .fusion-button-text, .fusion-button.button-1 i {color:#ffffff;}.fusion-button.button-1 .fusion-button-icon-divider{border-color:#ffffff;}.fusion-button.button-1:hover .fusion-button-text, .fusion-button.button-1:hover i,.fusion-button.button-1:focus .fusion-button-text, .fusion-button.button-1:focus i,.fusion-button.button-1:active .fusion-button-text, .fusion-button.button-1:active{color:#ffffff;}.fusion-button.button-1:hover .fusion-button-icon-divider, .fusion-button.button-1:hover .fusion-button-icon-divider, .fusion-button.button-1:active .fusion-button-icon-divider{border-color:#ffffff;}.fusion-button.button-1:hover, .fusion-button.button-1:focus, .fusion-button.button-1:active{border-color:#ffffff;}.fusion-button.button-1 {border-color:#ffffff;border-radius:25px;}.fusion-button.button-1{background: #427ed1;}.fusion-button.button-1:hover,.button-1:focus,.fusion-button.button-1:active{background: #4c8be0;}<\/style><a class=\"fusion-button button-flat button-medium button-custom button-1 fusion-button-default-span fusion-button-default-type\" target=\"_blank\" rel=\"noopener noreferrer\"><i class=\"fa-file-pdf far button-icon-left\"><\/i><span class=\"fusion-button-text\">VER SERVICIOS<\/span><\/a><\/div><div class=\"fusion-sep-clear\"><\/div><div class=\"fusion-separator fusion-full-width-sep sep-none\" style=\"margin-left: auto;margin-right: auto;margin-top:;margin-bottom:20px;\"><\/div><div class=\"fusion-text\"><ul>\n<li><a class=\"bFlecha\" href=\"https:\/\/www.dispeko.com\/soluciones_y_sistemas_de_higiene\/dispensers-y-dosificadores\/\">PRODUCTOS QUIMICOS<\/a><\/li>\n<li><a class=\"bFlecha\" href=\"https:\/\/www.dispeko.com\/soluciones_y_sistemas_de_higiene\/papeles\/\">PAPELES<\/a><\/li>\n<li><a href=\"https:\/\/www.dispeko.com\/soluciones_y_sistemas_de_higiene\/dispensers-y-dosificadores\/\">DISPENSADORES\u00a0Y DOSIFICADORES<\/a><\/li>\n<li><a class=\"bFlecha\" href=\"https:\/\/www.dispeko.com\/soluciones_y_sistemas_de_higiene\/insumos-y-accesorios\/\">INSUMOS Y ACCESORIOS<\/a><\/li>\n<\/ul>\n<\/div><div class=\"fusion-clearfix\"><\/div>\n\n\t\t\t\t\t<\/div>\n\t\t\t\t<\/div><div  class=\"fusion-layout-column fusion_builder_column fusion_builder_column_1_2 fusion-builder-column-5 fusion-one-half fusion-column-last 1_2\"  style='margin-top:15px;margin-bottom:15px;width:50%;width:calc(50% - ( ( 4% ) * 0.5 ) );'>\n\t\t\t\t\t<div class=\"fusion-column-wrapper\" style=\"padding: 0px 0px 0px 0px;background-position:left top;background-repeat:no-repeat;-webkit-background-size:cover;-moz-background-size:cover;-o-background-size:cover;background-size:cover;\"   data-bg-url=\"\">\n\t\t\t\t\t\t<div class=\"fusion-text\"><p>Un elemento clave de las empresas de servicio de limpieza radica en la importancia de brindar el mejor servicio posible en el menor tiempo.<br \/>\nLos equipos de trabajo de <strong>Dispeko<\/strong> trabajan con estas compa\u00f1\u00edas \u00abdesde adentro\u00bb para asegurar que los sistemas de higiene, limpieza y sanitizaci\u00f3n aplicados arrojen los mejores resultados.<\/p>\n<p>Un amplio surtido de productos qu\u00edmicos y papel que resuelven cualquier tipo de suciedad, una gran variedad de insumos, accesorios y maquinarias para la limpieza, que combinados ofrecen una total garant\u00eda de los \u00f3ptimos resultados.<\/p>\n<p><strong>Dispeko<\/strong> colabora con las empresas de limpieza, en todos los procesos con el fin de alcanzar la m\u00e1xima performance.<\/p>\n<p>En \u00e1reas p\u00fablicas como shoppings y aeropuertos con gran concentraci\u00f3n y rotaci\u00f3n de individuos, <strong>Dispeko<\/strong> desarrolla productos y tecnolog\u00edas que satisfacen las necesidades de limpieza, desinfecci\u00f3n de superficies y aromatizaci\u00f3n de ambientes, el cuidado e higiene de la piel en las \u00e1reas de sanitarios y vestuarios. Para ello hemos desarrollado una amplia variedad de jabones l\u00edquidos para manos y cuerpo, geles alcoh\u00f3licos y cremas.<\/p>\n<\/div><div class=\"fusion-clearfix\"><\/div>\n\n\t\t\t\t\t<\/div>\n\t\t\t\t<\/div><\/div><\/div><\/p>\n","protected":false},"excerpt":{"rendered":"","protected":false},"author":1,"featured_media":0,"parent":0,"menu_order":0,"comment_status":"closed","ping_status":"closed","template":"100-width.php","meta":{"_joinchat":[],"footnotes":""},"class_list":["post-24995","page","type-page","status-publish","hentry"],"_links":{"self":[{"href":"https:\/\/www.dispeko.com\/soluciones_y_sistemas_de_higiene\/wp-json\/wp\/v2\/pages\/24995"}],"collection":[{"href":"https:\/\/www.dispeko.com\/soluciones_y_sistemas_de_higiene\/wp-json\/wp\/v2\/pages"}],"about":[{"href":"https:\/\/www.dispeko.com\/soluciones_y_sistemas_de_higiene\/wp-json\/wp\/v2\/types\/page"}],"author":[{"embeddable":true,"href":"https:\/\/www.dispeko.com\/soluciones_y_sistemas_de_higiene\/wp-json\/wp\/v2\/users\/1"}],"replies":[{"embeddable":true,"href":"https:\/\/www.dispeko.com\/soluciones_y_sistemas_de_higiene\/wp-json\/wp\/v2\/comments?post=24995"}],"version-history":[{"count":8,"href":"https:\/\/www.dispeko.com\/soluciones_y_sistemas_de_higiene\/wp-json\/wp\/v2\/pages\/24995\/revisions"}],"predecessor-version":[{"id":25283,"href":"https:\/\/www.dispeko.com\/soluciones_y_sistemas_de_higiene\/wp-json\/wp\/v2\/pages\/24995\/revisions\/25283"}],"wp:attachment":[{"href":"https:\/\/www.dispeko.com\/soluciones_y_sistemas_de_higiene\/wp-json\/wp\/v2\/media?parent=24995"}],"curies":[{"name":"wp","href":"https:\/\/api.w.org\/{rel}","templated":true}]}}