{"id":23312,"date":"2019-10-10T13:14:46","date_gmt":"2019-10-10T13:14:46","guid":{"rendered":"http:\/\/www.dispeko.com.ar\/soluciones_y_sistemas_de_higiene\/?post_type=product&#038;p=23312"},"modified":"2019-12-19T16:24:54","modified_gmt":"2019-12-19T16:24:54","slug":"descarbonizante-x-1-litro-codigo-ve-0315","status":"publish","type":"product","link":"https:\/\/www.dispeko.com\/soluciones_y_sistemas_de_higiene\/producto\/descarbonizante-x-1-litro-codigo-ve-0315\/","title":{"rendered":"DESCARBONIZANTE X 1 LITRO | C\u00f3digo: VE-0315"},"content":{"rendered":"<p><strong>GENERALIDADES:<\/strong><br \/>\nEficaz desengrasante y descarbonizante alcalino. Se recomienda su uso industrial: cocinas, campanas, filtros, parrillas, pisos y paredes. Uso espec\u00edfico en limpieza de grasas y aceites animales y vegetales sobre cualquier superficie: holl\u00edn, pisos, mesadas y azulejos. En frigor\u00edficos, mataderos, industria qu\u00edmicas, criaderos de pollos, peladeros de pollos, hornos, cocinas, etc. No Aplicar sobre Aluminio. Puede usarse por inmersi\u00f3n, rociado o baldeo.<\/p>\n<p><strong>DOSIFICACI\u00d3N:<\/strong><br \/>\nPor Rociado: Se utiliza puro o 1 litro de producto hasta en 10 litros de agua (Seg\u00fan tiempo de acci\u00f3n).<\/p>\n<p>Por Inmersi\u00f3n: 1 litro de producto hasta en 50 litros de agua (Seg\u00fan tiempo de Acci\u00f3n). Su mejor rendimiento se logra con agua caliente.<\/p>\n<p><strong>PRESENTACI\u00d3N:<\/strong> Caja por 12 Botellas de 1 Litro.<\/p>\n<p><strong>PRECAUCIONES: PELIGRO CAUSTICO.<\/strong> Causa quemaduras, usar guantes, protecci\u00f3n ocular y delantal para su manipulaci\u00f3n.<\/p>\n","protected":false},"excerpt":{"rendered":"<p>GENERALIDADES: Eficaz desengrasante y descarbonizante alcalino. Se recomienda su uso industrial: cocinas, campanas, filtros, parrillas, pisos y paredes. Uso espec\u00edfico [&hellip;]<\/p>\n","protected":false},"featured_media":23648,"template":"","meta":{"_joinchat":[]},"product_cat":[226,86],"product_tag":[],"class_list":{"0":"post-23312","1":"product","2":"type-product","3":"status-publish","4":"has-post-thumbnail","6":"product_cat-area-limpieza-general","7":"product_cat-quimicos-concentrados","8":"product-grid-view","10":"first","11":"instock","12":"taxable","13":"shipping-taxable","14":"purchasable","15":"product-type-simple"},"_links":{"self":[{"href":"https:\/\/www.dispeko.com\/soluciones_y_sistemas_de_higiene\/wp-json\/wp\/v2\/product\/23312"}],"collection":[{"href":"https:\/\/www.dispeko.com\/soluciones_y_sistemas_de_higiene\/wp-json\/wp\/v2\/product"}],"about":[{"href":"https:\/\/www.dispeko.com\/soluciones_y_sistemas_de_higiene\/wp-json\/wp\/v2\/types\/product"}],"wp:featuredmedia":[{"embeddable":true,"href":"https:\/\/www.dispeko.com\/soluciones_y_sistemas_de_higiene\/wp-json\/wp\/v2\/media\/23648"}],"wp:attachment":[{"href":"https:\/\/www.dispeko.com\/soluciones_y_sistemas_de_higiene\/wp-json\/wp\/v2\/media?parent=23312"}],"wp:term":[{"taxonomy":"product_cat","embeddable":true,"href":"https:\/\/www.dispeko.com\/soluciones_y_sistemas_de_higiene\/wp-json\/wp\/v2\/product_cat?post=23312"},{"taxonomy":"product_tag","embeddable":true,"href":"https:\/\/www.dispeko.com\/soluciones_y_sistemas_de_higiene\/wp-json\/wp\/v2\/product_tag?post=23312"}],"curies":[{"name":"wp","href":"https:\/\/api.w.org\/{rel}","templated":true}]}}