{"id":23319,"date":"2019-10-10T13:32:40","date_gmt":"2019-10-10T13:32:40","guid":{"rendered":"http:\/\/www.dispeko.com.ar\/soluciones_y_sistemas_de_higiene\/?post_type=product&#038;p=23319"},"modified":"2019-12-19T16:24:54","modified_gmt":"2019-12-19T16:24:54","slug":"lavavajillas-concentrado-codigo-ve-0024","status":"publish","type":"product","link":"https:\/\/www.dispeko.com\/soluciones_y_sistemas_de_higiene\/producto\/lavavajillas-concentrado-codigo-ve-0024\/","title":{"rendered":"LAVAVAJILLAS CONCENTRADO | C\u00f3digo: VE-0024"},"content":{"rendered":"<p><strong>GENERALIDADES:<\/strong>\u00a0Especialmente formulado para la limpieza general en Industria alimenticia, frigor\u00edficos, gastronom\u00eda, industria L\u00e1ctea, etc. Es un eficaz agente limpiador efecto m\u00faltiple. Remueve suciedades rebeldes, limpia y desengrasa.<\/p>\n<p><strong>DOSIFICACI\u00d3N:<\/strong>\u00a0Puede Utilizarse para limpiar y desengrasar pisos, paredes, mesadas, cocinas, vajillas, utensilios, mesas, vidrios, cer\u00e1micos y campanas por inmersi\u00f3n, baldeo y cepillado. Diluir 1 litro de producto en 20 a 40 litros de agua.<\/p>\n<p><strong>PRESENTACI\u00d3N:<\/strong>\u00a0Caja por 4 Bidones de 5 litros.<\/p>\n<p><strong>PRECAUCIONES:<\/strong>\u00a0Usar Guantes.<\/p>\n","protected":false},"excerpt":{"rendered":"<p>GENERALIDADES:\u00a0Especialmente formulado para la limpieza general en Industria alimenticia, frigor\u00edficos, gastronom\u00eda, industria L\u00e1ctea, etc. Es un eficaz agente limpiador efecto [&hellip;]<\/p>\n","protected":false},"featured_media":23613,"template":"","meta":{"_joinchat":[]},"product_cat":[226,86],"product_tag":[],"class_list":{"0":"post-23319","1":"product","2":"type-product","3":"status-publish","4":"has-post-thumbnail","6":"product_cat-area-limpieza-general","7":"product_cat-quimicos-concentrados","8":"product-grid-view","10":"first","11":"instock","12":"taxable","13":"shipping-taxable","14":"purchasable","15":"product-type-simple"},"_links":{"self":[{"href":"https:\/\/www.dispeko.com\/soluciones_y_sistemas_de_higiene\/wp-json\/wp\/v2\/product\/23319"}],"collection":[{"href":"https:\/\/www.dispeko.com\/soluciones_y_sistemas_de_higiene\/wp-json\/wp\/v2\/product"}],"about":[{"href":"https:\/\/www.dispeko.com\/soluciones_y_sistemas_de_higiene\/wp-json\/wp\/v2\/types\/product"}],"wp:featuredmedia":[{"embeddable":true,"href":"https:\/\/www.dispeko.com\/soluciones_y_sistemas_de_higiene\/wp-json\/wp\/v2\/media\/23613"}],"wp:attachment":[{"href":"https:\/\/www.dispeko.com\/soluciones_y_sistemas_de_higiene\/wp-json\/wp\/v2\/media?parent=23319"}],"wp:term":[{"taxonomy":"product_cat","embeddable":true,"href":"https:\/\/www.dispeko.com\/soluciones_y_sistemas_de_higiene\/wp-json\/wp\/v2\/product_cat?post=23319"},{"taxonomy":"product_tag","embeddable":true,"href":"https:\/\/www.dispeko.com\/soluciones_y_sistemas_de_higiene\/wp-json\/wp\/v2\/product_tag?post=23319"}],"curies":[{"name":"wp","href":"https:\/\/api.w.org\/{rel}","templated":true}]}}