{"id":23328,"date":"2019-10-10T14:34:18","date_gmt":"2019-10-10T14:34:18","guid":{"rendered":"http:\/\/www.dispeko.com.ar\/soluciones_y_sistemas_de_higiene\/?post_type=product&#038;p=23328"},"modified":"2019-12-19T16:24:55","modified_gmt":"2019-12-19T16:24:55","slug":"jabon-liquido-desengrasante-ecologico-codigo-ve-0013","status":"publish","type":"product","link":"https:\/\/www.dispeko.com\/soluciones_y_sistemas_de_higiene\/producto\/jabon-liquido-desengrasante-ecologico-codigo-ve-0013\/","title":{"rendered":"JAB\u00d3N L\u00cdQUIDO DESENGRASANTE ECOL\u00d3GICO | C\u00f3digo: VE-0013"},"content":{"rendered":"<p><strong>GENERALIDADES:<\/strong>\u00a0El producto posee aditivos, desinfectantes, suavizantes y sobreengrasantes. Elimina aceites, grasas, alquitr\u00e1n, tintas, etc. Desinfecta e hidrata la piel. Perfume agradable. No c\u00e1ustico. No contiene abrasivos. No irrita la piel.<\/p>\n<p><strong>DOSIFICACI\u00d3N:<\/strong>\u00a0PURO.<\/p>\n<p><strong>PRESENTACI\u00d3N:<\/strong>\u00a0Caja por 4 Bidones de 5 litros.<\/p>\n","protected":false},"excerpt":{"rendered":"<p><strong>PRESENTACI\u00d3N:<\/strong>\u00a0Caja por 4 Bidones de 5 litros.<\/p>\n","protected":false},"featured_media":23607,"template":"","meta":{"_joinchat":[]},"product_cat":[227,86],"product_tag":[],"class_list":{"0":"post-23328","1":"product","2":"type-product","3":"status-publish","4":"has-post-thumbnail","6":"product_cat-asepsia-de-manos","7":"product_cat-quimicos-concentrados","8":"product-grid-view","10":"first","11":"instock","12":"taxable","13":"shipping-taxable","14":"purchasable","15":"product-type-simple"},"_links":{"self":[{"href":"https:\/\/www.dispeko.com\/soluciones_y_sistemas_de_higiene\/wp-json\/wp\/v2\/product\/23328"}],"collection":[{"href":"https:\/\/www.dispeko.com\/soluciones_y_sistemas_de_higiene\/wp-json\/wp\/v2\/product"}],"about":[{"href":"https:\/\/www.dispeko.com\/soluciones_y_sistemas_de_higiene\/wp-json\/wp\/v2\/types\/product"}],"wp:featuredmedia":[{"embeddable":true,"href":"https:\/\/www.dispeko.com\/soluciones_y_sistemas_de_higiene\/wp-json\/wp\/v2\/media\/23607"}],"wp:attachment":[{"href":"https:\/\/www.dispeko.com\/soluciones_y_sistemas_de_higiene\/wp-json\/wp\/v2\/media?parent=23328"}],"wp:term":[{"taxonomy":"product_cat","embeddable":true,"href":"https:\/\/www.dispeko.com\/soluciones_y_sistemas_de_higiene\/wp-json\/wp\/v2\/product_cat?post=23328"},{"taxonomy":"product_tag","embeddable":true,"href":"https:\/\/www.dispeko.com\/soluciones_y_sistemas_de_higiene\/wp-json\/wp\/v2\/product_tag?post=23328"}],"curies":[{"name":"wp","href":"https:\/\/api.w.org\/{rel}","templated":true}]}}