{"id":23346,"date":"2019-10-10T15:03:10","date_gmt":"2019-10-10T15:03:10","guid":{"rendered":"http:\/\/www.dispeko.com.ar\/soluciones_y_sistemas_de_higiene\/?post_type=product&#038;p=23346"},"modified":"2019-12-19T16:24:57","modified_gmt":"2019-12-19T16:24:57","slug":"bacterias-codigo-ba-0001","status":"publish","type":"product","link":"https:\/\/www.dispeko.com\/soluciones_y_sistemas_de_higiene\/producto\/bacterias-codigo-ba-0001\/","title":{"rendered":"BACTERIAS | C\u00f3digo: BA-0001"},"content":{"rendered":"<p><strong>GENERALIDADES:<\/strong>\u00a0Es un cultivo de microorganismos naturales. No pat\u00f3genos, con enzimas y nutrientes que degradan y digieren el contenido de los pozos ciegos, c\u00e1maras s\u00e9pticas o trampas de grasa, dejando sus paredes permeables y limpias.<\/p>\n<p><strong>DOSIFICACI\u00d3N:<\/strong>\u00a0Diluir 1 sobre (50 Grs.) de producto en 2 litros de agua tibia. Luego aplicar.<\/p>\n<p><strong>PRESENTACI\u00d3N:<\/strong>\u00a0Caja por 25 sobres de 50 Grs. cada uno.<\/p>\n<p><strong>PRECAUCIONES:<\/strong>\u00a0Usar guantes. No mezclar con otros productos.<\/p>\n","protected":false},"excerpt":{"rendered":"<p><strong>PRESENTACI\u00d3N:<\/strong>\u00a0Caja por 25 sobres de 50 Grs. cada uno.<\/p>\n","protected":false},"featured_media":23593,"template":"","meta":{"_joinchat":[]},"product_cat":[232,86],"product_tag":[],"class_list":{"0":"post-23346","1":"product","2":"type-product","3":"status-publish","4":"has-post-thumbnail","6":"product_cat-limpieza-de-banos","7":"product_cat-quimicos-concentrados","8":"product-grid-view","10":"first","11":"instock","12":"taxable","13":"shipping-taxable","14":"purchasable","15":"product-type-simple"},"_links":{"self":[{"href":"https:\/\/www.dispeko.com\/soluciones_y_sistemas_de_higiene\/wp-json\/wp\/v2\/product\/23346"}],"collection":[{"href":"https:\/\/www.dispeko.com\/soluciones_y_sistemas_de_higiene\/wp-json\/wp\/v2\/product"}],"about":[{"href":"https:\/\/www.dispeko.com\/soluciones_y_sistemas_de_higiene\/wp-json\/wp\/v2\/types\/product"}],"wp:featuredmedia":[{"embeddable":true,"href":"https:\/\/www.dispeko.com\/soluciones_y_sistemas_de_higiene\/wp-json\/wp\/v2\/media\/23593"}],"wp:attachment":[{"href":"https:\/\/www.dispeko.com\/soluciones_y_sistemas_de_higiene\/wp-json\/wp\/v2\/media?parent=23346"}],"wp:term":[{"taxonomy":"product_cat","embeddable":true,"href":"https:\/\/www.dispeko.com\/soluciones_y_sistemas_de_higiene\/wp-json\/wp\/v2\/product_cat?post=23346"},{"taxonomy":"product_tag","embeddable":true,"href":"https:\/\/www.dispeko.com\/soluciones_y_sistemas_de_higiene\/wp-json\/wp\/v2\/product_tag?post=23346"}],"curies":[{"name":"wp","href":"https:\/\/api.w.org\/{rel}","templated":true}]}}