{"id":23348,"date":"2019-10-10T15:04:59","date_gmt":"2019-10-10T15:04:59","guid":{"rendered":"http:\/\/www.dispeko.com.ar\/soluciones_y_sistemas_de_higiene\/?post_type=product&#038;p=23348"},"modified":"2019-12-19T16:24:57","modified_gmt":"2019-12-19T16:24:57","slug":"desinfectante-perfumado-codigo-ve-0010","status":"publish","type":"product","link":"https:\/\/www.dispeko.com\/soluciones_y_sistemas_de_higiene\/producto\/desinfectante-perfumado-codigo-ve-0010\/","title":{"rendered":"DESINFECTANTE PERFUMADO | C\u00f3digo: VE-0010"},"content":{"rendered":"<p><strong>GENERALIDADES:<\/strong>\u00a0Efectivo bactericida y virucida; limpiador emulsionante de grasas y aromatizante. Sistema de triple efecto: limpia, desinfecta y desodoriza en una operaci\u00f3n total. Aplicable en cualquier \u00e1rea y todo tipo de superficies. Ideal para la limpieza y desinfecci\u00f3n de ba\u00f1os, paredes, bancos, hospitales, lavaderos, garajes, colegios, compa\u00f1\u00edas a\u00e9reas, etc. Consultar por distintas fragancias.<\/p>\n<p><strong>DOSIFICACI\u00d3N:<\/strong>\u00a0Diluir 1 litro de producto en 10 a 30 litros de agua. Se puede utilizar por inmersi\u00f3n, rociado, trapeo, cepillado o baldeo.<\/p>\n<p><strong>PRESENTACI\u00d3N:<\/strong>\u00a0Caja por 4 Bidones de 5 litros.<\/p>\n<p><strong>PRECAUCIONES:<\/strong>\u00a0Usar guantes.<\/p>\n","protected":false},"excerpt":{"rendered":"<p><strong>PRESENTACI\u00d3N:<\/strong>\u00a0Caja por 4 Bidones de 5 litros.<\/p>\n","protected":false},"featured_media":23604,"template":"","meta":{"_joinchat":[]},"product_cat":[232,86],"product_tag":[],"class_list":{"0":"post-23348","1":"product","2":"type-product","3":"status-publish","4":"has-post-thumbnail","6":"product_cat-limpieza-de-banos","7":"product_cat-quimicos-concentrados","8":"product-grid-view","10":"first","11":"instock","12":"taxable","13":"shipping-taxable","14":"purchasable","15":"product-type-simple"},"_links":{"self":[{"href":"https:\/\/www.dispeko.com\/soluciones_y_sistemas_de_higiene\/wp-json\/wp\/v2\/product\/23348"}],"collection":[{"href":"https:\/\/www.dispeko.com\/soluciones_y_sistemas_de_higiene\/wp-json\/wp\/v2\/product"}],"about":[{"href":"https:\/\/www.dispeko.com\/soluciones_y_sistemas_de_higiene\/wp-json\/wp\/v2\/types\/product"}],"wp:featuredmedia":[{"embeddable":true,"href":"https:\/\/www.dispeko.com\/soluciones_y_sistemas_de_higiene\/wp-json\/wp\/v2\/media\/23604"}],"wp:attachment":[{"href":"https:\/\/www.dispeko.com\/soluciones_y_sistemas_de_higiene\/wp-json\/wp\/v2\/media?parent=23348"}],"wp:term":[{"taxonomy":"product_cat","embeddable":true,"href":"https:\/\/www.dispeko.com\/soluciones_y_sistemas_de_higiene\/wp-json\/wp\/v2\/product_cat?post=23348"},{"taxonomy":"product_tag","embeddable":true,"href":"https:\/\/www.dispeko.com\/soluciones_y_sistemas_de_higiene\/wp-json\/wp\/v2\/product_tag?post=23348"}],"curies":[{"name":"wp","href":"https:\/\/api.w.org\/{rel}","templated":true}]}}