{"id":23361,"date":"2019-10-10T15:23:02","date_gmt":"2019-10-10T15:23:02","guid":{"rendered":"http:\/\/www.dispeko.com.ar\/soluciones_y_sistemas_de_higiene\/?post_type=product&#038;p=23361"},"modified":"2019-12-19T16:24:58","modified_gmt":"2019-12-19T16:24:58","slug":"revividor-de-vinilicos-codigo-ve-0353","status":"publish","type":"product","link":"https:\/\/www.dispeko.com\/soluciones_y_sistemas_de_higiene\/producto\/revividor-de-vinilicos-codigo-ve-0353\/","title":{"rendered":"REVIVIDOR DE VINILICOS | C\u00f3digo: VE-0353"},"content":{"rendered":"<p><strong>GENERALIDADES:<\/strong>\u00a0Ideal para vin\u00edlicos, cubre alfombras, paragolpes, cubiertas, etc. Secado r\u00e1pido. No deja grasitud. Forma una pel\u00edcula inerte que impide la adherencia del polvo e impermeabiliza la superficie. Obtendr\u00e1 un color negro intenso y brillo duradero.<\/p>\n<p><strong>DOSIFICACI\u00d3N:<\/strong>\u00a0No diluir, listo para usar. Limpiar a fondo la superficie. Humedecer una esponja con revividor y aplicar en forma abundante. Dejar secar.<\/p>\n<p><strong>PRESENTACI\u00d3N:<\/strong>\u00a0Caja por 4 bidones de 5 litros.<\/p>\n<p><strong>PRECAUCIONES:<\/strong>\u00a0Usar guantes.<\/p>\n","protected":false},"excerpt":{"rendered":"<p><strong>PRESENTACI\u00d3N:<\/strong>\u00a0Caja por 4 bidones de 5 litros.<\/p>\n","protected":false},"featured_media":23656,"template":"","meta":{"_joinchat":[]},"product_cat":[112,86],"product_tag":[],"class_list":{"0":"post-23361","1":"product","2":"type-product","3":"status-publish","4":"has-post-thumbnail","6":"product_cat-linea-automotor","7":"product_cat-quimicos-concentrados","8":"product-grid-view","10":"first","11":"instock","12":"taxable","13":"shipping-taxable","14":"purchasable","15":"product-type-simple"},"_links":{"self":[{"href":"https:\/\/www.dispeko.com\/soluciones_y_sistemas_de_higiene\/wp-json\/wp\/v2\/product\/23361"}],"collection":[{"href":"https:\/\/www.dispeko.com\/soluciones_y_sistemas_de_higiene\/wp-json\/wp\/v2\/product"}],"about":[{"href":"https:\/\/www.dispeko.com\/soluciones_y_sistemas_de_higiene\/wp-json\/wp\/v2\/types\/product"}],"wp:featuredmedia":[{"embeddable":true,"href":"https:\/\/www.dispeko.com\/soluciones_y_sistemas_de_higiene\/wp-json\/wp\/v2\/media\/23656"}],"wp:attachment":[{"href":"https:\/\/www.dispeko.com\/soluciones_y_sistemas_de_higiene\/wp-json\/wp\/v2\/media?parent=23361"}],"wp:term":[{"taxonomy":"product_cat","embeddable":true,"href":"https:\/\/www.dispeko.com\/soluciones_y_sistemas_de_higiene\/wp-json\/wp\/v2\/product_cat?post=23361"},{"taxonomy":"product_tag","embeddable":true,"href":"https:\/\/www.dispeko.com\/soluciones_y_sistemas_de_higiene\/wp-json\/wp\/v2\/product_tag?post=23361"}],"curies":[{"name":"wp","href":"https:\/\/api.w.org\/{rel}","templated":true}]}}