{"id":23363,"date":"2019-10-10T15:25:08","date_gmt":"2019-10-10T15:25:08","guid":{"rendered":"http:\/\/www.dispeko.com.ar\/soluciones_y_sistemas_de_higiene\/?post_type=product&#038;p=23363"},"modified":"2019-12-19T16:24:58","modified_gmt":"2019-12-19T16:24:58","slug":"cera-acrilca-negra-codigo-ve-0006","status":"publish","type":"product","link":"https:\/\/www.dispeko.com\/soluciones_y_sistemas_de_higiene\/producto\/cera-acrilca-negra-codigo-ve-0006\/","title":{"rendered":"CERA ACR\u00cdLCA NEGRA | C\u00f3digo: VE-0006"},"content":{"rendered":"<p><strong>GENERALIDADES:<\/strong>\u00a0Ideal para pisos gran\u00edticos, cer\u00e1micos, lajas, mosaicos, baldosas no esmaltadas y goma. En pisos de madera, estos deben estar previamente sellados. Su f\u00f3rmula permite una mayor duraci\u00f3n que las ceras tradicionales y resistencia al agua.<\/p>\n<p><strong>DOSIFICACI\u00d3N:<\/strong>\u00a0Se utiliza pura. Eliminar las ceras antiguas con DECAPANTE DE CERA DISPEKO. Enjuagar con abundante agua. Sellar la superficie con SELLADOR DISPEKO, una o dos manos. Luego aplicar CERA ACR\u00cdLICA DISPEKO de manera uniforme con mopa (m\u00ednimo 2 o 3 capas). Dejar secar entre 30 y 40 minutos entre capa y capa. Lustrar. Para el mantenimiento del piso encerado, utilizar LIMPIADOR NEUTRO DISPEKO.<\/p>\n<p><strong>PRESENTACI\u00d3N:<\/strong>\u00a0Caja por 4 bidones de 5 litros.<\/p>\n<p><strong>PRECAUCIONES:<\/strong>\u00a0Usar guantes.<\/p>\n","protected":false},"excerpt":{"rendered":"<p><strong>PRESENTACI\u00d3N:<\/strong>\u00a0Caja por 4 bidones de 5 litros.<\/p>\n","protected":false},"featured_media":23601,"template":"","meta":{"_joinchat":[]},"product_cat":[231,86],"product_tag":[],"class_list":{"0":"post-23363","1":"product","2":"type-product","3":"status-publish","4":"has-post-thumbnail","6":"product_cat-tratamiento-de-pisos","7":"product_cat-quimicos-concentrados","8":"product-grid-view","10":"first","11":"instock","12":"taxable","13":"shipping-taxable","14":"purchasable","15":"product-type-simple"},"_links":{"self":[{"href":"https:\/\/www.dispeko.com\/soluciones_y_sistemas_de_higiene\/wp-json\/wp\/v2\/product\/23363"}],"collection":[{"href":"https:\/\/www.dispeko.com\/soluciones_y_sistemas_de_higiene\/wp-json\/wp\/v2\/product"}],"about":[{"href":"https:\/\/www.dispeko.com\/soluciones_y_sistemas_de_higiene\/wp-json\/wp\/v2\/types\/product"}],"wp:featuredmedia":[{"embeddable":true,"href":"https:\/\/www.dispeko.com\/soluciones_y_sistemas_de_higiene\/wp-json\/wp\/v2\/media\/23601"}],"wp:attachment":[{"href":"https:\/\/www.dispeko.com\/soluciones_y_sistemas_de_higiene\/wp-json\/wp\/v2\/media?parent=23363"}],"wp:term":[{"taxonomy":"product_cat","embeddable":true,"href":"https:\/\/www.dispeko.com\/soluciones_y_sistemas_de_higiene\/wp-json\/wp\/v2\/product_cat?post=23363"},{"taxonomy":"product_tag","embeddable":true,"href":"https:\/\/www.dispeko.com\/soluciones_y_sistemas_de_higiene\/wp-json\/wp\/v2\/product_tag?post=23363"}],"curies":[{"name":"wp","href":"https:\/\/api.w.org\/{rel}","templated":true}]}}