{"id":23367,"date":"2019-10-10T15:29:15","date_gmt":"2019-10-10T15:29:15","guid":{"rendered":"http:\/\/www.dispeko.com.ar\/soluciones_y_sistemas_de_higiene\/?post_type=product&#038;p=23367"},"modified":"2019-12-19T16:24:58","modified_gmt":"2019-12-19T16:24:58","slug":"cera-para-madera-al-solvente-o-al-agua-codigo-qui-000","status":"publish","type":"product","link":"https:\/\/www.dispeko.com\/soluciones_y_sistemas_de_higiene\/producto\/cera-para-madera-al-solvente-o-al-agua-codigo-qui-000\/","title":{"rendered":"CERA PARA MADERA AL SOLVENTE O AL AGUA | C\u00f3digo: QUI-000"},"content":{"rendered":"<p><strong>GENERALIDADES:<\/strong>\u00a0Especialmente formulado para superficies de madera. Por su alta concentraci\u00f3n de s\u00f3lidos y su gran extensibilidad es de f\u00e1cil aplicaci\u00f3n y lustrado.<\/p>\n<p><strong>DOSIFICACI\u00d3N:<\/strong>\u00a0Agitar bien antes de usar. Se utiliza pura. Aplicar una peque\u00f1a cantidad de cera para madera y extender con pasacera o trapo. Dejar secar y lustrar con m\u00e1quina y pa\u00f1o hasta lograr el brillo deseado.<\/p>\n<p><strong>PRESENTACI\u00d3N:<\/strong>\u00a0Caja por 4 bidones de 5 litros.<\/p>\n<p><strong>PRECAUCIONES:<\/strong>\u00a0Usar guantes.<\/p>\n","protected":false},"excerpt":{"rendered":"<p><strong>PRESENTACI\u00d3N:<\/strong>\u00a0Caja por 4 bidones de 5 litros.<\/p>\n","protected":false},"featured_media":23595,"template":"","meta":{"_joinchat":[]},"product_cat":[231,86],"product_tag":[],"class_list":{"0":"post-23367","1":"product","2":"type-product","3":"status-publish","4":"has-post-thumbnail","6":"product_cat-tratamiento-de-pisos","7":"product_cat-quimicos-concentrados","8":"product-grid-view","10":"first","11":"instock","12":"taxable","13":"shipping-taxable","14":"purchasable","15":"product-type-simple"},"_links":{"self":[{"href":"https:\/\/www.dispeko.com\/soluciones_y_sistemas_de_higiene\/wp-json\/wp\/v2\/product\/23367"}],"collection":[{"href":"https:\/\/www.dispeko.com\/soluciones_y_sistemas_de_higiene\/wp-json\/wp\/v2\/product"}],"about":[{"href":"https:\/\/www.dispeko.com\/soluciones_y_sistemas_de_higiene\/wp-json\/wp\/v2\/types\/product"}],"wp:featuredmedia":[{"embeddable":true,"href":"https:\/\/www.dispeko.com\/soluciones_y_sistemas_de_higiene\/wp-json\/wp\/v2\/media\/23595"}],"wp:attachment":[{"href":"https:\/\/www.dispeko.com\/soluciones_y_sistemas_de_higiene\/wp-json\/wp\/v2\/media?parent=23367"}],"wp:term":[{"taxonomy":"product_cat","embeddable":true,"href":"https:\/\/www.dispeko.com\/soluciones_y_sistemas_de_higiene\/wp-json\/wp\/v2\/product_cat?post=23367"},{"taxonomy":"product_tag","embeddable":true,"href":"https:\/\/www.dispeko.com\/soluciones_y_sistemas_de_higiene\/wp-json\/wp\/v2\/product_tag?post=23367"}],"curies":[{"name":"wp","href":"https:\/\/api.w.org\/{rel}","templated":true}]}}