{"id":23373,"date":"2019-10-10T15:38:11","date_gmt":"2019-10-10T15:38:11","guid":{"rendered":"http:\/\/www.dispeko.com.ar\/soluciones_y_sistemas_de_higiene\/?post_type=product&#038;p=23373"},"modified":"2019-12-19T16:24:59","modified_gmt":"2019-12-19T16:24:59","slug":"limpiador-multiuso-decapante-de-ceras-codigo-ve-0015","status":"publish","type":"product","link":"https:\/\/www.dispeko.com\/soluciones_y_sistemas_de_higiene\/producto\/limpiador-multiuso-decapante-de-ceras-codigo-ve-0015\/","title":{"rendered":"LIMPIADOR MULTIUSO &#8211; DECAPANTE DE CERAS | C\u00f3digo: VE-0015"},"content":{"rendered":"<p><strong>GENERALIDADES:<\/strong>\u00a0Limpieza general de plantas en compa\u00f1\u00edas alimentarias, gastronom\u00eda e industrias. Elaborado especialmente para quitar ceras.<\/p>\n<p><strong>DOSIFICACI\u00d3N:<\/strong>\u00a0Se puede utilizar, por rociado, baldeo, trapeado o inmersi\u00f3n. Diluir 1 litro de producto en 10 a 20 litros de agua.<\/p>\n<p><strong>PRESENTACI\u00d3N:<\/strong>\u00a0Caja por 4 bidones de 5 litros.<\/p>\n<p><strong>PRECAUCIONES:<\/strong>\u00a0Producto corrosivo. Usar guantes, protecci\u00f3n ocular y delantal para manipular este producto.<\/p>\n","protected":false},"excerpt":{"rendered":"<p><strong>PRESENTACI\u00d3N:<\/strong>\u00a0Caja por 4 bidones de 5 litros.<\/p>\n","protected":false},"featured_media":23608,"template":"","meta":{"_joinchat":[]},"product_cat":[231,86],"product_tag":[],"class_list":{"0":"post-23373","1":"product","2":"type-product","3":"status-publish","4":"has-post-thumbnail","6":"product_cat-tratamiento-de-pisos","7":"product_cat-quimicos-concentrados","8":"product-grid-view","10":"first","11":"instock","12":"taxable","13":"shipping-taxable","14":"purchasable","15":"product-type-simple"},"_links":{"self":[{"href":"https:\/\/www.dispeko.com\/soluciones_y_sistemas_de_higiene\/wp-json\/wp\/v2\/product\/23373"}],"collection":[{"href":"https:\/\/www.dispeko.com\/soluciones_y_sistemas_de_higiene\/wp-json\/wp\/v2\/product"}],"about":[{"href":"https:\/\/www.dispeko.com\/soluciones_y_sistemas_de_higiene\/wp-json\/wp\/v2\/types\/product"}],"wp:featuredmedia":[{"embeddable":true,"href":"https:\/\/www.dispeko.com\/soluciones_y_sistemas_de_higiene\/wp-json\/wp\/v2\/media\/23608"}],"wp:attachment":[{"href":"https:\/\/www.dispeko.com\/soluciones_y_sistemas_de_higiene\/wp-json\/wp\/v2\/media?parent=23373"}],"wp:term":[{"taxonomy":"product_cat","embeddable":true,"href":"https:\/\/www.dispeko.com\/soluciones_y_sistemas_de_higiene\/wp-json\/wp\/v2\/product_cat?post=23373"},{"taxonomy":"product_tag","embeddable":true,"href":"https:\/\/www.dispeko.com\/soluciones_y_sistemas_de_higiene\/wp-json\/wp\/v2\/product_tag?post=23373"}],"curies":[{"name":"wp","href":"https:\/\/api.w.org\/{rel}","templated":true}]}}