{"id":23377,"date":"2019-10-10T15:41:32","date_gmt":"2019-10-10T15:41:32","guid":{"rendered":"http:\/\/www.dispeko.com.ar\/soluciones_y_sistemas_de_higiene\/?post_type=product&#038;p=23377"},"modified":"2019-12-19T16:25:00","modified_gmt":"2019-12-19T16:25:00","slug":"sellador-codigo-ve-0046","status":"publish","type":"product","link":"https:\/\/www.dispeko.com\/soluciones_y_sistemas_de_higiene\/producto\/sellador-codigo-ve-0046\/","title":{"rendered":"SELLADOR | C\u00f3digo: VE-0046"},"content":{"rendered":"<p><strong>GENERALIDADES:<\/strong>\u00a0La f\u00f3rmula del sellador Acr\u00edlico es ideal para suelos porosos o desgastado o cemento, proporcion\u00e1ndole un alto grado de brillo. Evita la formaci\u00f3n de polvo sobre pisos de cemento. Incrementa la adherencia de emulsiones prolongando su vida \u00fatil. Es muy resistente al agua, gasolina, aceite y detergente. Se recomienda su uso para PVC, goma, m\u00e1rmol, baldosa. Muy adecuado para el sellado de grandes superficies como naves industriales, almacenes, supermercados o garajes.<\/p>\n<p><strong>DOSIFICACI\u00d3N:<\/strong>\u00a0Se utiliza pura. Eliminar las ceras antiguas con DECAPANTE DE CERA DISPEKO. Enjuagar con abundante agua. Sellar la superficie con SELLADOR DISPEKO. Aplicar sobre suelos limpios y secos con pasacera, mopa o rodillo de lana. Seg\u00fan piso, aplicar dos manos. Para sacar brillo es necesario utilizar una m\u00e1quina de alta revoluciones. Para el mantenimiento del piso encerado, utilizar LIMPIADOR NEUTRO DISPEKO.<\/p>\n<p><strong>PRESENTACI\u00d3N:<\/strong>\u00a0Caja por 4 bidones de 5 litros.<\/p>\n<p><strong>PRECAUCIONES:<\/strong>\u00a0Usar guantes.<\/p>\n","protected":false},"excerpt":{"rendered":"<p><strong>PRESENTACI\u00d3N:<\/strong>\u00a0Caja por 4 bidones de 5 litros.<\/p>\n","protected":false},"featured_media":23628,"template":"","meta":{"_joinchat":[]},"product_cat":[231,86],"product_tag":[],"class_list":{"0":"post-23377","1":"product","2":"type-product","3":"status-publish","4":"has-post-thumbnail","6":"product_cat-tratamiento-de-pisos","7":"product_cat-quimicos-concentrados","8":"product-grid-view","10":"first","11":"instock","12":"taxable","13":"shipping-taxable","14":"purchasable","15":"product-type-simple"},"_links":{"self":[{"href":"https:\/\/www.dispeko.com\/soluciones_y_sistemas_de_higiene\/wp-json\/wp\/v2\/product\/23377"}],"collection":[{"href":"https:\/\/www.dispeko.com\/soluciones_y_sistemas_de_higiene\/wp-json\/wp\/v2\/product"}],"about":[{"href":"https:\/\/www.dispeko.com\/soluciones_y_sistemas_de_higiene\/wp-json\/wp\/v2\/types\/product"}],"wp:featuredmedia":[{"embeddable":true,"href":"https:\/\/www.dispeko.com\/soluciones_y_sistemas_de_higiene\/wp-json\/wp\/v2\/media\/23628"}],"wp:attachment":[{"href":"https:\/\/www.dispeko.com\/soluciones_y_sistemas_de_higiene\/wp-json\/wp\/v2\/media?parent=23377"}],"wp:term":[{"taxonomy":"product_cat","embeddable":true,"href":"https:\/\/www.dispeko.com\/soluciones_y_sistemas_de_higiene\/wp-json\/wp\/v2\/product_cat?post=23377"},{"taxonomy":"product_tag","embeddable":true,"href":"https:\/\/www.dispeko.com\/soluciones_y_sistemas_de_higiene\/wp-json\/wp\/v2\/product_tag?post=23377"}],"curies":[{"name":"wp","href":"https:\/\/api.w.org\/{rel}","templated":true}]}}