{"id":23427,"date":"2019-10-10T18:41:42","date_gmt":"2019-10-10T18:41:42","guid":{"rendered":"http:\/\/www.dispeko.com.ar\/soluciones_y_sistemas_de_higiene\/?post_type=product&#038;p=23427"},"modified":"2019-12-19T16:25:07","modified_gmt":"2019-12-19T16:25:07","slug":"estropajo-de-acero-codigo-ma-0016","status":"publish","type":"product","link":"https:\/\/www.dispeko.com\/soluciones_y_sistemas_de_higiene\/producto\/estropajo-de-acero-codigo-ma-0016\/","title":{"rendered":"ESTROPAJO DE ACERO | C\u00f3digo: MA-0016"},"content":{"rendered":"<p><strong>Para la limpieza de grasas adheridas.<\/strong><\/p>\n<p>Estropajo de Acero Com\u00fan &#8211; C\u00f3d. MA-0016<\/p>\n<p>Estropajo de Acero Extra Grande &#8211; C\u00f3d. IN-0090<\/p>\n","protected":false},"excerpt":{"rendered":"<p>Para la limpieza de grasas adheridas. Estropajo de Acero Com\u00fan &#8211; C\u00f3d. MA-0016 Estropajo de Acero Extra Grande &#8211; C\u00f3d. [&hellip;]<\/p>\n","protected":false},"featured_media":23580,"template":"","meta":{"_joinchat":[]},"product_cat":[225],"product_tag":[],"class_list":{"0":"post-23427","1":"product","2":"type-product","3":"status-publish","4":"has-post-thumbnail","6":"product_cat-insumos","7":"product-grid-view","9":"first","10":"instock","11":"taxable","12":"shipping-taxable","13":"purchasable","14":"product-type-simple"},"_links":{"self":[{"href":"https:\/\/www.dispeko.com\/soluciones_y_sistemas_de_higiene\/wp-json\/wp\/v2\/product\/23427"}],"collection":[{"href":"https:\/\/www.dispeko.com\/soluciones_y_sistemas_de_higiene\/wp-json\/wp\/v2\/product"}],"about":[{"href":"https:\/\/www.dispeko.com\/soluciones_y_sistemas_de_higiene\/wp-json\/wp\/v2\/types\/product"}],"wp:featuredmedia":[{"embeddable":true,"href":"https:\/\/www.dispeko.com\/soluciones_y_sistemas_de_higiene\/wp-json\/wp\/v2\/media\/23580"}],"wp:attachment":[{"href":"https:\/\/www.dispeko.com\/soluciones_y_sistemas_de_higiene\/wp-json\/wp\/v2\/media?parent=23427"}],"wp:term":[{"taxonomy":"product_cat","embeddable":true,"href":"https:\/\/www.dispeko.com\/soluciones_y_sistemas_de_higiene\/wp-json\/wp\/v2\/product_cat?post=23427"},{"taxonomy":"product_tag","embeddable":true,"href":"https:\/\/www.dispeko.com\/soluciones_y_sistemas_de_higiene\/wp-json\/wp\/v2\/product_tag?post=23427"}],"curies":[{"name":"wp","href":"https:\/\/api.w.org\/{rel}","templated":true}]}}