{"id":23431,"date":"2019-10-10T18:46:26","date_gmt":"2019-10-10T18:46:26","guid":{"rendered":"http:\/\/www.dispeko.com.ar\/soluciones_y_sistemas_de_higiene\/?post_type=product&#038;p=23431"},"modified":"2019-12-19T16:25:07","modified_gmt":"2019-12-19T16:25:07","slug":"fibra-parrillera-verde-fina-12x20-codigo-es-0084","status":"publish","type":"product","link":"https:\/\/www.dispeko.com\/soluciones_y_sistemas_de_higiene\/producto\/fibra-parrillera-verde-fina-12x20-codigo-es-0084\/","title":{"rendered":"FIBRA PARRILLERA VERDE FINA (12&#215;20) | C\u00f3digo: ES-0084"},"content":{"rendered":"<p>El producto est\u00e1 compuesto por una manta de fibras sint\u00e9ticas no tejidas y materiales abrasivos que la hacen inoxidable. La resina que lo compone es resistente a la degradaci\u00f3n de la exposici\u00f3n a agua caliente, detergentes y l\u00edquidos de limpieza normal.<\/p>\n<p><strong>Medidas:<\/strong> 12 x 16 cm &#8211; C\u00f3d. ES-0084<\/p>\n","protected":false},"excerpt":{"rendered":"<p>El producto est\u00e1 compuesto por una manta de fibras sint\u00e9ticas no tejidas y materiales abrasivos que la hacen inoxidable. La [&hellip;]<\/p>\n","protected":false},"featured_media":23537,"template":"","meta":{"_joinchat":[]},"product_cat":[225],"product_tag":[],"class_list":{"0":"post-23431","1":"product","2":"type-product","3":"status-publish","4":"has-post-thumbnail","6":"product_cat-insumos","7":"product-grid-view","9":"first","10":"instock","11":"taxable","12":"shipping-taxable","13":"purchasable","14":"product-type-simple"},"_links":{"self":[{"href":"https:\/\/www.dispeko.com\/soluciones_y_sistemas_de_higiene\/wp-json\/wp\/v2\/product\/23431"}],"collection":[{"href":"https:\/\/www.dispeko.com\/soluciones_y_sistemas_de_higiene\/wp-json\/wp\/v2\/product"}],"about":[{"href":"https:\/\/www.dispeko.com\/soluciones_y_sistemas_de_higiene\/wp-json\/wp\/v2\/types\/product"}],"wp:featuredmedia":[{"embeddable":true,"href":"https:\/\/www.dispeko.com\/soluciones_y_sistemas_de_higiene\/wp-json\/wp\/v2\/media\/23537"}],"wp:attachment":[{"href":"https:\/\/www.dispeko.com\/soluciones_y_sistemas_de_higiene\/wp-json\/wp\/v2\/media?parent=23431"}],"wp:term":[{"taxonomy":"product_cat","embeddable":true,"href":"https:\/\/www.dispeko.com\/soluciones_y_sistemas_de_higiene\/wp-json\/wp\/v2\/product_cat?post=23431"},{"taxonomy":"product_tag","embeddable":true,"href":"https:\/\/www.dispeko.com\/soluciones_y_sistemas_de_higiene\/wp-json\/wp\/v2\/product_tag?post=23431"}],"curies":[{"name":"wp","href":"https:\/\/api.w.org\/{rel}","templated":true}]}}