{"id":23439,"date":"2019-10-10T19:19:17","date_gmt":"2019-10-10T19:19:17","guid":{"rendered":"http:\/\/www.dispeko.com.ar\/soluciones_y_sistemas_de_higiene\/?post_type=product&#038;p=23439"},"modified":"2019-12-19T16:25:09","modified_gmt":"2019-12-19T16:25:09","slug":"guantes-de-goma-latex-nitrilo-vinilo-moteados-codigo-ins-020","status":"publish","type":"product","link":"https:\/\/www.dispeko.com\/soluciones_y_sistemas_de_higiene\/producto\/guantes-de-goma-latex-nitrilo-vinilo-moteados-codigo-ins-020\/","title":{"rendered":"GUANTES: DE GOMA, LATEX, NITRILO, VINILO, MOTEADOS | C\u00f3digo: INS-020"},"content":{"rendered":"<p>Guantes Acrilo Nitrilo (Distintas Medidas) &#8211; C\u00f3d. TH-0029<\/p>\n<p>Guantes de Goma Dom\u00e9stico (Distintas Medidas) &#8211; C\u00f3d. TH-0026<\/p>\n<p>Guantes de Goma Reforzado (Distintas Medidas) &#8211; C\u00f3d. TH-0024<\/p>\n<p>Guantes hasta el Codo &#8211; C\u00f3d. TH-0090<\/p>\n<p>Guantes de Vinilo (Distintas Medidas) &#8211; C\u00f3d. PP-0005<\/p>\n<p>Guantes de L\u00e1tex (Distintas Medidas) &#8211; C\u00f3d. GL-0011<\/p>\n<p>Guantes de Nitrilo Color Azul (Distintas Medidas) &#8211; C\u00f3d. PA-0001<\/p>\n<p>Guantes Moteados &#8211; C\u00f3d. IN-0053<\/p>\n","protected":false},"excerpt":{"rendered":"<p>Guantes Acrilo Nitrilo (Distintas Medidas) &#8211; C\u00f3d. TH-0029 Guantes de Goma Dom\u00e9stico (Distintas Medidas) &#8211; C\u00f3d. TH-0026 Guantes de Goma [&hellip;]<\/p>\n","protected":false},"featured_media":23571,"template":"","meta":{"_joinchat":[]},"product_cat":[225],"product_tag":[],"class_list":{"0":"post-23439","1":"product","2":"type-product","3":"status-publish","4":"has-post-thumbnail","6":"product_cat-insumos","7":"product-grid-view","9":"first","10":"instock","11":"taxable","12":"shipping-taxable","13":"purchasable","14":"product-type-simple"},"_links":{"self":[{"href":"https:\/\/www.dispeko.com\/soluciones_y_sistemas_de_higiene\/wp-json\/wp\/v2\/product\/23439"}],"collection":[{"href":"https:\/\/www.dispeko.com\/soluciones_y_sistemas_de_higiene\/wp-json\/wp\/v2\/product"}],"about":[{"href":"https:\/\/www.dispeko.com\/soluciones_y_sistemas_de_higiene\/wp-json\/wp\/v2\/types\/product"}],"wp:featuredmedia":[{"embeddable":true,"href":"https:\/\/www.dispeko.com\/soluciones_y_sistemas_de_higiene\/wp-json\/wp\/v2\/media\/23571"}],"wp:attachment":[{"href":"https:\/\/www.dispeko.com\/soluciones_y_sistemas_de_higiene\/wp-json\/wp\/v2\/media?parent=23439"}],"wp:term":[{"taxonomy":"product_cat","embeddable":true,"href":"https:\/\/www.dispeko.com\/soluciones_y_sistemas_de_higiene\/wp-json\/wp\/v2\/product_cat?post=23439"},{"taxonomy":"product_tag","embeddable":true,"href":"https:\/\/www.dispeko.com\/soluciones_y_sistemas_de_higiene\/wp-json\/wp\/v2\/product_tag?post=23439"}],"curies":[{"name":"wp","href":"https:\/\/api.w.org\/{rel}","templated":true}]}}